{"id":6791,"date":"2026-01-24T15:04:18","date_gmt":"2026-01-24T16:04:18","guid":{"rendered":"https:\/\/sodadetour.com\/product\/santo-antao-hike-alto-mira-to-cha-de-morte\/"},"modified":"2026-02-02T01:23:49","modified_gmt":"2026-02-02T02:23:49","slug":"randonnee-santo-antao-randonnee-alto-mira-au-cha-de-morte","status":"publish","type":"product","link":"https:\/\/sodadetour.com\/fr\/produit\/randonnee-santo-antao-randonnee-alto-mira-au-cha-de-morte\/","title":{"rendered":"Santo Antao : randonn\u00e9e de l&#039;Alto Mira \u00e0 Cha de Morte"},"content":{"rendered":"<p>Explorez le sentier le plus c\u00e9l\u00e8bre de Santo Ant\u00e3o et marchez de l'Alto Mira au Cha de Morte. Apprenez des histoires et des faits importants gr\u00e2ce \u00e0 votre guide tout en profitant des vues \u00e0 couper le souffle sur les environs.<\/p>","protected":false},"excerpt":{"rendered":"<p>Discover the exciting new sport of wingfoiling, great for everyone, beginners and those with kite and windsurfing experience. In your first lesson, you&#8217;ll start on the beach getting used to the kite, with the instructor going over different wing positions and demonstrating how to get into the correct position, how to start and stop and turn, before getting in the water where you&#8217;ll start with a big board to get used to the kite in this amazing experience.<\/p>","protected":false},"featured_media":3312,"template":"","meta":{"_acf_changed":false},"product_brand":[],"product_cat":[75,74,91,93],"product_tag":[79,78,92,94],"class_list":{"0":"post-6791","1":"product","2":"type-product","3":"status-publish","4":"has-post-thumbnail","6":"product_cat-adventure","7":"product_cat-day-tour","8":"product_cat-hiking","9":"product_cat-santo-antao","10":"product_tag-adventure","11":"product_tag-day-tour","12":"product_tag-hiking","13":"product_tag-santo-antao","14":"wcpa_has_options","16":"first","17":"instock","18":"purchasable","19":"product-type-simple"},"acf":[],"_links":{"self":[{"href":"https:\/\/sodadetour.com\/fr\/wp-json\/wp\/v2\/product\/6791","targetHints":{"allow":["GET"]}}],"collection":[{"href":"https:\/\/sodadetour.com\/fr\/wp-json\/wp\/v2\/product"}],"about":[{"href":"https:\/\/sodadetour.com\/fr\/wp-json\/wp\/v2\/types\/product"}],"wp:featuredmedia":[{"embeddable":true,"href":"https:\/\/sodadetour.com\/fr\/wp-json\/wp\/v2\/media\/3312"}],"wp:attachment":[{"href":"https:\/\/sodadetour.com\/fr\/wp-json\/wp\/v2\/media?parent=6791"}],"wp:term":[{"taxonomy":"product_brand","embeddable":true,"href":"https:\/\/sodadetour.com\/fr\/wp-json\/wp\/v2\/product_brand?post=6791"},{"taxonomy":"product_cat","embeddable":true,"href":"https:\/\/sodadetour.com\/fr\/wp-json\/wp\/v2\/product_cat?post=6791"},{"taxonomy":"product_tag","embeddable":true,"href":"https:\/\/sodadetour.com\/fr\/wp-json\/wp\/v2\/product_tag?post=6791"}],"curies":[{"name":"wp","href":"https:\/\/api.w.org\/{rel}","templated":true}]}}