{"id":6790,"date":"2026-01-23T14:20:06","date_gmt":"2026-01-23T15:20:06","guid":{"rendered":"https:\/\/sodadetour.com\/product\/sa-island-open-water-diver-padi-or-ssi-course\/"},"modified":"2026-02-02T01:23:48","modified_gmt":"2026-02-02T02:23:48","slug":"sa-island-open-water-diver-padi-or-ssi-course","status":"publish","type":"product","link":"https:\/\/sodadetour.com\/fr\/produit\/sa-island-open-water-diver-padi-or-ssi-course\/","title":{"rendered":"\u00cele de Sa : Open Water Diver - cours PADI ou SSI"},"content":{"rendered":"<p>Vous serez pris en charge depuis votre h\u00e9bergement \u00e0 Santa Maria pour entreprendre le cours PADI Open Water Diver au Cap-Vert sur 2 ou 3 jours. Effectuez 3 plong\u00e9es et mettez en pratique vos nouvelles comp\u00e9tences sous les vagues.<\/p>","protected":false},"excerpt":{"rendered":"<p>Experience the ultimate adrenaline rush on this thrilling zipline activity that takes you on a 1,000-meter-long route from the top of a mountain at speeds over 100 kilometers per hour. Enjoy stunning views of the turquoise waters contrasting with the golden sands of the desert as you soar through the air, then relax with some hot Cape Verdean rhythms and drinks after this incredible experience.<\/p>","protected":false},"featured_media":1027,"template":"","meta":{"_acf_changed":false},"product_brand":[],"product_cat":[75,74,73,83],"product_tag":[79,78,77,85],"class_list":{"0":"post-6790","1":"product","2":"type-product","3":"status-publish","4":"has-post-thumbnail","6":"product_cat-adventure","7":"product_cat-day-tour","8":"product_cat-sal","9":"product_cat-water-sports","10":"product_tag-adventure","11":"product_tag-day-tour","12":"product_tag-sal","13":"product_tag-water-sports","14":"wcpa_has_options","16":"first","17":"instock","18":"purchasable","19":"product-type-simple"},"acf":[],"_links":{"self":[{"href":"https:\/\/sodadetour.com\/fr\/wp-json\/wp\/v2\/product\/6790","targetHints":{"allow":["GET"]}}],"collection":[{"href":"https:\/\/sodadetour.com\/fr\/wp-json\/wp\/v2\/product"}],"about":[{"href":"https:\/\/sodadetour.com\/fr\/wp-json\/wp\/v2\/types\/product"}],"wp:featuredmedia":[{"embeddable":true,"href":"https:\/\/sodadetour.com\/fr\/wp-json\/wp\/v2\/media\/1027"}],"wp:attachment":[{"href":"https:\/\/sodadetour.com\/fr\/wp-json\/wp\/v2\/media?parent=6790"}],"wp:term":[{"taxonomy":"product_brand","embeddable":true,"href":"https:\/\/sodadetour.com\/fr\/wp-json\/wp\/v2\/product_brand?post=6790"},{"taxonomy":"product_cat","embeddable":true,"href":"https:\/\/sodadetour.com\/fr\/wp-json\/wp\/v2\/product_cat?post=6790"},{"taxonomy":"product_tag","embeddable":true,"href":"https:\/\/sodadetour.com\/fr\/wp-json\/wp\/v2\/product_tag?post=6790"}],"curies":[{"name":"wp","href":"https:\/\/api.w.org\/{rel}","templated":true}]}}