{"id":6789,"date":"2026-01-18T19:59:30","date_gmt":"2026-01-18T20:59:30","guid":{"rendered":"https:\/\/sodadetour.com\/product\/sal-island-scuba-diving-package-with-6-dives\/"},"modified":"2026-02-02T01:23:48","modified_gmt":"2026-02-02T02:23:48","slug":"sal-island-scuba-diving-package-with-6-dives","status":"publish","type":"product","link":"https:\/\/sodadetour.com\/fr\/produit\/sal-island-scuba-diving-package-with-6-dives\/","title":{"rendered":"\u00cele de Sal : forfait plong\u00e9e sous-marine avec 6 plong\u00e9es"},"content":{"rendered":"<p>D\u00e9couvrez l'incroyable monde sous-marin de Sal et profitez des 6 plong\u00e9es incluses dans cette excursion de plong\u00e9e sous-marine. Visitez diff\u00e9rents sites de plong\u00e9e et consacrez 40 \u00e0 60 minutes \u00e0 chaque plong\u00e9e.<\/p>","protected":false},"excerpt":{"rendered":"<p>Experience all that this circular walk has to offer: spectacular views, hiking on ridges in parts, and passing through the island&#8217;s main pine forests. As the greenest part of the island, it means that if there are clouds, this place will have them, and during the hot months, this hike is ideal because of the shade and altitude, while in colder months, you&#8217;ll need a warm layer and boots and poles for this trek through diverse landscapes.<\/p>","protected":false},"featured_media":3270,"template":"","meta":{"_acf_changed":false},"product_brand":[],"product_cat":[75,74,73,83],"product_tag":[79,78,77,85],"class_list":{"0":"post-6789","1":"product","2":"type-product","3":"status-publish","4":"has-post-thumbnail","6":"product_cat-adventure","7":"product_cat-day-tour","8":"product_cat-sal","9":"product_cat-water-sports","10":"product_tag-adventure","11":"product_tag-day-tour","12":"product_tag-sal","13":"product_tag-water-sports","14":"wcpa_has_options","16":"first","17":"instock","18":"purchasable","19":"product-type-simple"},"acf":[],"_links":{"self":[{"href":"https:\/\/sodadetour.com\/fr\/wp-json\/wp\/v2\/product\/6789","targetHints":{"allow":["GET"]}}],"collection":[{"href":"https:\/\/sodadetour.com\/fr\/wp-json\/wp\/v2\/product"}],"about":[{"href":"https:\/\/sodadetour.com\/fr\/wp-json\/wp\/v2\/types\/product"}],"wp:featuredmedia":[{"embeddable":true,"href":"https:\/\/sodadetour.com\/fr\/wp-json\/wp\/v2\/media\/3270"}],"wp:attachment":[{"href":"https:\/\/sodadetour.com\/fr\/wp-json\/wp\/v2\/media?parent=6789"}],"wp:term":[{"taxonomy":"product_brand","embeddable":true,"href":"https:\/\/sodadetour.com\/fr\/wp-json\/wp\/v2\/product_brand?post=6789"},{"taxonomy":"product_cat","embeddable":true,"href":"https:\/\/sodadetour.com\/fr\/wp-json\/wp\/v2\/product_cat?post=6789"},{"taxonomy":"product_tag","embeddable":true,"href":"https:\/\/sodadetour.com\/fr\/wp-json\/wp\/v2\/product_tag?post=6789"}],"curies":[{"name":"wp","href":"https:\/\/api.w.org\/{rel}","templated":true}]}}