{"id":6784,"date":"2026-01-26T11:09:33","date_gmt":"2026-01-26T12:09:33","guid":{"rendered":"https:\/\/sodadetour.com\/product\/sao-nicolau-full-day-island-experience-in-4x4\/"},"modified":"2026-02-20T22:51:54","modified_gmt":"2026-02-20T23:51:54","slug":"sao-nicolau-full-day-island-experience-in-4x4","status":"publish","type":"product","link":"https:\/\/sodadetour.com\/fr\/produit\/sao-nicolau-full-day-island-experience-in-4x4\/","title":{"rendered":"S\u00e3o Nicolau : excursion d'une journ\u00e9e sur l'\u00eele"},"content":{"rendered":"<p>Embarquez pour une aventure \u00e0 la d\u00e9couverte de l'\u00eele fantastique de S\u00e3o Nicolau dans un v\u00e9hicule accompagn\u00e9 d'un guide touristique exp\u00e9riment\u00e9.<\/p>","protected":false},"excerpt":{"rendered":"<p>Discover the daily life and culture of Santa Maria on this comprehensive tour that takes you from the fish market and local boats at the pontoon to the local museum where you&#8217;ll learn how the cradle of Cape Verde worked. Visit the municipal market to get to know local agricultural products, see how people go about their daily lives, and admire the different colors that show how the city is experienced before trying tapas based on the local gastronomy at a local restaurant.<\/p>","protected":false},"featured_media":3379,"template":"","meta":{"_acf_changed":false},"product_brand":[],"product_cat":[75,88,74,128,99],"product_tag":[79,90,78,100],"class_list":{"0":"post-6784","1":"product","2":"type-product","3":"status-publish","4":"has-post-thumbnail","6":"product_cat-adventure","7":"product_cat-cultural","8":"product_cat-day-tour","9":"product_cat-full-day-tours","10":"product_cat-sao-nicolau","11":"product_tag-adventure","12":"product_tag-cultural","13":"product_tag-day-tour","14":"product_tag-sao-nicolau","15":"wcpa_has_options","17":"first","18":"instock","19":"purchasable","20":"product-type-simple"},"acf":[],"_links":{"self":[{"href":"https:\/\/sodadetour.com\/fr\/wp-json\/wp\/v2\/product\/6784","targetHints":{"allow":["GET"]}}],"collection":[{"href":"https:\/\/sodadetour.com\/fr\/wp-json\/wp\/v2\/product"}],"about":[{"href":"https:\/\/sodadetour.com\/fr\/wp-json\/wp\/v2\/types\/product"}],"wp:featuredmedia":[{"embeddable":true,"href":"https:\/\/sodadetour.com\/fr\/wp-json\/wp\/v2\/media\/3379"}],"wp:attachment":[{"href":"https:\/\/sodadetour.com\/fr\/wp-json\/wp\/v2\/media?parent=6784"}],"wp:term":[{"taxonomy":"product_brand","embeddable":true,"href":"https:\/\/sodadetour.com\/fr\/wp-json\/wp\/v2\/product_brand?post=6784"},{"taxonomy":"product_cat","embeddable":true,"href":"https:\/\/sodadetour.com\/fr\/wp-json\/wp\/v2\/product_cat?post=6784"},{"taxonomy":"product_tag","embeddable":true,"href":"https:\/\/sodadetour.com\/fr\/wp-json\/wp\/v2\/product_tag?post=6784"}],"curies":[{"name":"wp","href":"https:\/\/api.w.org\/{rel}","templated":true}]}}