{"id":6779,"date":"2026-01-15T13:44:45","date_gmt":"2026-01-15T14:44:45","guid":{"rendered":"https:\/\/sodadetour.com\/product\/santiago-island-jetski-tour-in-aguas-belas-cave\/"},"modified":"2026-02-02T01:23:47","modified_gmt":"2026-02-02T02:23:47","slug":"santiago-island-jetski-tour-in-aguas-belas-cave","status":"publish","type":"product","link":"https:\/\/sodadetour.com\/fr\/produit\/santiago-island-jetski-tour-in-aguas-belas-cave\/","title":{"rendered":"\u00cele de Santiago : excursion en jetski dans la grotte d'Aguas Belas"},"content":{"rendered":"<p>Profitez de notre excursion avec un guide exp\u00e9riment\u00e9 pour visiter les c\u00e9l\u00e8bres grottes d'Aguas Belas et d\u00e9couvrir le littoral sauvage de l'\u00eele. Vivez ce moment exceptionnel en toute s\u00e9curit\u00e9.<\/p>","protected":false},"excerpt":{"rendered":"<p>This revealing walk through the history and culture of the S\u00e3o Nicolau people begins in the rich, green valley of Faj\u00e3 and goes as far as Assomada da Covada. The route is made between cobbled paths and sometimes within the stream, offering a unique perspective on the island&#8217;s heritage as you reach the top to see the village of Covoada at the bottom of the valley, then head towards Ribeira Funda and discover small villages where you can taste local cheeses and liqueurs.<\/p>","protected":false},"featured_media":3409,"template":"","meta":{"_acf_changed":false},"product_brand":[],"product_cat":[75,74,87,83],"product_tag":[79,78,89,85],"class_list":{"0":"post-6779","1":"product","2":"type-product","3":"status-publish","4":"has-post-thumbnail","6":"product_cat-adventure","7":"product_cat-day-tour","8":"product_cat-santiago","9":"product_cat-water-sports","10":"product_tag-adventure","11":"product_tag-day-tour","12":"product_tag-santiago","13":"product_tag-water-sports","14":"wcpa_has_options","16":"first","17":"instock","18":"purchasable","19":"product-type-simple"},"acf":[],"_links":{"self":[{"href":"https:\/\/sodadetour.com\/fr\/wp-json\/wp\/v2\/product\/6779","targetHints":{"allow":["GET"]}}],"collection":[{"href":"https:\/\/sodadetour.com\/fr\/wp-json\/wp\/v2\/product"}],"about":[{"href":"https:\/\/sodadetour.com\/fr\/wp-json\/wp\/v2\/types\/product"}],"wp:featuredmedia":[{"embeddable":true,"href":"https:\/\/sodadetour.com\/fr\/wp-json\/wp\/v2\/media\/3409"}],"wp:attachment":[{"href":"https:\/\/sodadetour.com\/fr\/wp-json\/wp\/v2\/media?parent=6779"}],"wp:term":[{"taxonomy":"product_brand","embeddable":true,"href":"https:\/\/sodadetour.com\/fr\/wp-json\/wp\/v2\/product_brand?post=6779"},{"taxonomy":"product_cat","embeddable":true,"href":"https:\/\/sodadetour.com\/fr\/wp-json\/wp\/v2\/product_cat?post=6779"},{"taxonomy":"product_tag","embeddable":true,"href":"https:\/\/sodadetour.com\/fr\/wp-json\/wp\/v2\/product_tag?post=6779"}],"curies":[{"name":"wp","href":"https:\/\/api.w.org\/{rel}","templated":true}]}}