{"id":6778,"date":"2026-01-18T19:19:26","date_gmt":"2026-01-18T20:19:26","guid":{"rendered":"https:\/\/sodadetour.com\/product\/sal-island-family-jetboat-trip\/"},"modified":"2026-02-02T01:23:47","modified_gmt":"2026-02-02T02:23:47","slug":"excursion-familiale-en-jetboat-sur-lile-de-sal","status":"publish","type":"product","link":"https:\/\/sodadetour.com\/fr\/produit\/excursion-familiale-en-jetboat-sur-lile-de-sal\/","title":{"rendered":"\u00cele de Sal : balade en jetboat en famille"},"content":{"rendered":"<p>Profitez des eaux tropicales du Cap-Vert. Lors de cette merveilleuse exp\u00e9rience, vous aurez l'occasion de faire de la plong\u00e9e avec masque et tuba, de p\u00eacher, de voir des dauphins et de profiter de l'incroyable nature de cette \u00eele.<\/p>","protected":false},"excerpt":{"rendered":"<p>Discover an authentic paradise on this accessible coastal walk from Tarrafal to Praia d&#8217;Boche de Rotcha, where you&#8217;ll have the chance to see some of the cetaceans that abound in these waters. Take advantage of this spot sculpted by nature to get to know the local flora and fauna, experiencing the contrast between the white sands of the coral reefs and the nooks and crannies created by erosion in the black volcanic rock.<\/p>","protected":false},"featured_media":3414,"template":"","meta":{"_acf_changed":false},"product_brand":[],"product_cat":[74,76,73,83,81],"product_tag":[78,80,77,85,82],"class_list":{"0":"post-6778","1":"product","2":"type-product","3":"status-publish","4":"has-post-thumbnail","6":"product_cat-day-tour","7":"product_cat-family","8":"product_cat-sal","9":"product_cat-water-sports","10":"product_cat-wildlife","11":"product_tag-day-tour","12":"product_tag-family","13":"product_tag-sal","14":"product_tag-water-sports","15":"product_tag-wildlife","16":"wcpa_has_options","18":"first","19":"instock","20":"purchasable","21":"product-type-simple"},"acf":[],"_links":{"self":[{"href":"https:\/\/sodadetour.com\/fr\/wp-json\/wp\/v2\/product\/6778","targetHints":{"allow":["GET"]}}],"collection":[{"href":"https:\/\/sodadetour.com\/fr\/wp-json\/wp\/v2\/product"}],"about":[{"href":"https:\/\/sodadetour.com\/fr\/wp-json\/wp\/v2\/types\/product"}],"wp:featuredmedia":[{"embeddable":true,"href":"https:\/\/sodadetour.com\/fr\/wp-json\/wp\/v2\/media\/3414"}],"wp:attachment":[{"href":"https:\/\/sodadetour.com\/fr\/wp-json\/wp\/v2\/media?parent=6778"}],"wp:term":[{"taxonomy":"product_brand","embeddable":true,"href":"https:\/\/sodadetour.com\/fr\/wp-json\/wp\/v2\/product_brand?post=6778"},{"taxonomy":"product_cat","embeddable":true,"href":"https:\/\/sodadetour.com\/fr\/wp-json\/wp\/v2\/product_cat?post=6778"},{"taxonomy":"product_tag","embeddable":true,"href":"https:\/\/sodadetour.com\/fr\/wp-json\/wp\/v2\/product_tag?post=6778"}],"curies":[{"name":"wp","href":"https:\/\/api.w.org\/{rel}","templated":true}]}}