{"id":6777,"date":"2026-01-15T03:48:23","date_gmt":"2026-01-15T04:48:23","guid":{"rendered":"https:\/\/sodadetour.com\/product\/santiago-island-boat-trip-diving-cave-and-barbecue-on-the-beach\/"},"modified":"2026-02-02T01:23:47","modified_gmt":"2026-02-02T02:23:47","slug":"excursion-en-bateau-sur-lile-de-santiago-plongee-grotte-et-barbecue-sur-la-plage","status":"publish","type":"product","link":"https:\/\/sodadetour.com\/fr\/produit\/excursion-en-bateau-sur-lile-de-santiago-plongee-grotte-et-barbecue-sur-la-plage\/","title":{"rendered":"L'\u00eele de Santiago : Excursion en bateau, plong\u00e9e et barbecue"},"content":{"rendered":"<p>Dans la baie de Ribeira de Barca, prenez un bateau de p\u00eache traditionnel pour observer des formations rocheuses uniques et la vie marine locale. Plongez dans la grotte d'\u00c1guas Belas et immergez-vous dans ses eaux cristallines. Terminez votre journ\u00e9e par un barbecue fra\u00eechement pr\u00e9par\u00e9 sur la plage.<\/p>","protected":false},"excerpt":{"rendered":"<p>Experience the exhilarating sensation of gliding across the water on this water skiing adventure that begins with a relaxing transfer from your hotel to the Naama Bay ski center. After a safety briefing from your instructor, head to the boat where, if you&#8217;re a beginner, the driver will start you off slowly, giving you a chance to get used to the water before learning proper techniques and enjoying 45 minutes of water skiing across the waves.<\/p>","protected":false},"featured_media":3421,"template":"","meta":{"_acf_changed":false},"product_brand":[],"product_cat":[88,74,76,87,83],"product_tag":[90,78,80,89,85],"class_list":{"0":"post-6777","1":"product","2":"type-product","3":"status-publish","4":"has-post-thumbnail","6":"product_cat-cultural","7":"product_cat-day-tour","8":"product_cat-family","9":"product_cat-santiago","10":"product_cat-water-sports","11":"product_tag-cultural","12":"product_tag-day-tour","13":"product_tag-family","14":"product_tag-santiago","15":"product_tag-water-sports","16":"wcpa_has_options","18":"first","19":"instock","20":"purchasable","21":"product-type-simple"},"acf":[],"_links":{"self":[{"href":"https:\/\/sodadetour.com\/fr\/wp-json\/wp\/v2\/product\/6777","targetHints":{"allow":["GET"]}}],"collection":[{"href":"https:\/\/sodadetour.com\/fr\/wp-json\/wp\/v2\/product"}],"about":[{"href":"https:\/\/sodadetour.com\/fr\/wp-json\/wp\/v2\/types\/product"}],"wp:featuredmedia":[{"embeddable":true,"href":"https:\/\/sodadetour.com\/fr\/wp-json\/wp\/v2\/media\/3421"}],"wp:attachment":[{"href":"https:\/\/sodadetour.com\/fr\/wp-json\/wp\/v2\/media?parent=6777"}],"wp:term":[{"taxonomy":"product_brand","embeddable":true,"href":"https:\/\/sodadetour.com\/fr\/wp-json\/wp\/v2\/product_brand?post=6777"},{"taxonomy":"product_cat","embeddable":true,"href":"https:\/\/sodadetour.com\/fr\/wp-json\/wp\/v2\/product_cat?post=6777"},{"taxonomy":"product_tag","embeddable":true,"href":"https:\/\/sodadetour.com\/fr\/wp-json\/wp\/v2\/product_tag?post=6777"}],"curies":[{"name":"wp","href":"https:\/\/api.w.org\/{rel}","templated":true}]}}