{"id":6776,"date":"2026-01-25T18:43:18","date_gmt":"2026-01-25T19:43:18","guid":{"rendered":"https:\/\/sodadetour.com\/product\/brava-island-the-morna-routes-with-the-locals\/"},"modified":"2026-02-02T01:23:46","modified_gmt":"2026-02-02T02:23:46","slug":"brava-island-the-morna-routes-with-the-locals","status":"publish","type":"product","link":"https:\/\/sodadetour.com\/fr\/produit\/brava-island-the-morna-routes-with-the-locals\/","title":{"rendered":"\u00cele de la Brava : les routes de la \"Morna\" avec les habitants"},"content":{"rendered":"<p>Faites connaissance avec Brava, l'\u00eele situ\u00e9e \u00e0 seulement 20 kilom\u00e8tres de sa grande s\u0153ur, l'\u00eele Fogo. Nagez dans les magnifiques piscines naturelles de Faj\u00e3 d'\u00c1gua et explorez les endroits les plus secrets et les plus authentiques du Cap-Vert.<\/p>","protected":false},"excerpt":{"rendered":"<p>Experience the perfect blend of adrenaline and relaxation as you discover the island&#8217;s wild coastline to the \u00c1guas Belas caves, passing Ribeira Prata, Angras, and Porto Ribeira Barca. If you&#8217;re lucky, you&#8217;ll spot dolphins for an exceptional experience during this tour, where you can also go snorkeling in the morning hours from 10:00 to 13:00, creating unforgettable memories of your time in Cape Verde.<\/p>","protected":false},"featured_media":3427,"template":"","meta":{"_acf_changed":false},"product_brand":[],"product_cat":[105,88,74],"product_tag":[106,90,78],"class_list":{"0":"post-6776","1":"product","2":"type-product","3":"status-publish","4":"has-post-thumbnail","6":"product_cat-brava","7":"product_cat-cultural","8":"product_cat-day-tour","9":"product_tag-brava","10":"product_tag-cultural","11":"product_tag-day-tour","12":"wcpa_has_options","14":"first","15":"instock","16":"purchasable","17":"product-type-simple"},"acf":[],"_links":{"self":[{"href":"https:\/\/sodadetour.com\/fr\/wp-json\/wp\/v2\/product\/6776","targetHints":{"allow":["GET"]}}],"collection":[{"href":"https:\/\/sodadetour.com\/fr\/wp-json\/wp\/v2\/product"}],"about":[{"href":"https:\/\/sodadetour.com\/fr\/wp-json\/wp\/v2\/types\/product"}],"wp:featuredmedia":[{"embeddable":true,"href":"https:\/\/sodadetour.com\/fr\/wp-json\/wp\/v2\/media\/3427"}],"wp:attachment":[{"href":"https:\/\/sodadetour.com\/fr\/wp-json\/wp\/v2\/media?parent=6776"}],"wp:term":[{"taxonomy":"product_brand","embeddable":true,"href":"https:\/\/sodadetour.com\/fr\/wp-json\/wp\/v2\/product_brand?post=6776"},{"taxonomy":"product_cat","embeddable":true,"href":"https:\/\/sodadetour.com\/fr\/wp-json\/wp\/v2\/product_cat?post=6776"},{"taxonomy":"product_tag","embeddable":true,"href":"https:\/\/sodadetour.com\/fr\/wp-json\/wp\/v2\/product_tag?post=6776"}],"curies":[{"name":"wp","href":"https:\/\/api.w.org\/{rel}","templated":true}]}}