{"id":6775,"date":"2026-01-15T11:27:12","date_gmt":"2026-01-15T12:27:12","guid":{"rendered":"https:\/\/sodadetour.com\/product\/santo-santo-antao-walking-caibros-to-cruzinha\/"},"modified":"2026-02-02T01:23:45","modified_gmt":"2026-02-02T02:23:45","slug":"santo-santo-antao-marche-caibros-a-cruzinha","status":"publish","type":"product","link":"https:\/\/sodadetour.com\/fr\/produit\/santo-santo-antao-marche-caibros-a-cruzinha\/","title":{"rendered":"Santo : Santo Antao : marcher de Caibros \u00e0 Cruzinha"},"content":{"rendered":"<p>Il s'agit d'un itin\u00e9raire entre Boca de Ambas-as-Ribeiras \u00e0 Ribeira Grande et Ch\u00e3 de Igreja, qui n\u00e9cessite un effort important de la part de ceux qui montent \u00e0 cause des longues pentes raides (si vous le souhaitez, vous pouvez prendre une voiture \u00e0 cet endroit pour retourner en ville). Quoi qu'il en soit, vous traverserez toujours le village de Mocho et admirerez des paysages fascinants.<\/p>","protected":false},"excerpt":{"rendered":"<p>Feel the ultimate adrenaline rush on this thrilling jet-boat ride across Santa Maria Bay, where the fast boat takes you on a high-speed adventure, stopping suddenly to create big splashes. This exciting activity combines the thrill of speed with refreshing splashes of water, creating an experience full of action and fun that will leave you with unforgettable memories of your time in Cape Verde.<\/p>","protected":false},"featured_media":3433,"template":"","meta":{"_acf_changed":false},"product_brand":[],"product_cat":[75,74,91,93],"product_tag":[79,78,92,94],"class_list":{"0":"post-6775","1":"product","2":"type-product","3":"status-publish","4":"has-post-thumbnail","6":"product_cat-adventure","7":"product_cat-day-tour","8":"product_cat-hiking","9":"product_cat-santo-antao","10":"product_tag-adventure","11":"product_tag-day-tour","12":"product_tag-hiking","13":"product_tag-santo-antao","14":"wcpa_has_options","16":"first","17":"instock","18":"purchasable","19":"product-type-simple"},"acf":[],"_links":{"self":[{"href":"https:\/\/sodadetour.com\/fr\/wp-json\/wp\/v2\/product\/6775","targetHints":{"allow":["GET"]}}],"collection":[{"href":"https:\/\/sodadetour.com\/fr\/wp-json\/wp\/v2\/product"}],"about":[{"href":"https:\/\/sodadetour.com\/fr\/wp-json\/wp\/v2\/types\/product"}],"wp:featuredmedia":[{"embeddable":true,"href":"https:\/\/sodadetour.com\/fr\/wp-json\/wp\/v2\/media\/3433"}],"wp:attachment":[{"href":"https:\/\/sodadetour.com\/fr\/wp-json\/wp\/v2\/media?parent=6775"}],"wp:term":[{"taxonomy":"product_brand","embeddable":true,"href":"https:\/\/sodadetour.com\/fr\/wp-json\/wp\/v2\/product_brand?post=6775"},{"taxonomy":"product_cat","embeddable":true,"href":"https:\/\/sodadetour.com\/fr\/wp-json\/wp\/v2\/product_cat?post=6775"},{"taxonomy":"product_tag","embeddable":true,"href":"https:\/\/sodadetour.com\/fr\/wp-json\/wp\/v2\/product_tag?post=6775"}],"curies":[{"name":"wp","href":"https:\/\/api.w.org\/{rel}","templated":true}]}}