{"id":6774,"date":"2026-01-26T09:21:56","date_gmt":"2026-01-26T10:21:56","guid":{"rendered":"https:\/\/sodadetour.com\/product\/santiago-island-santiago-island-tour-with-tastings-and-tarrafal-beach\/"},"modified":"2026-02-02T01:23:45","modified_gmt":"2026-02-02T02:23:45","slug":"ile-de-santiago-visite-de-lile-de-santiago-avec-degustations-et-plage-de-tarrafal","status":"publish","type":"product","link":"https:\/\/sodadetour.com\/fr\/produit\/ile-de-santiago-visite-de-lile-de-santiago-avec-degustations-et-plage-de-tarrafal\/","title":{"rendered":"\u00cele de Santiago : Visite de l'\u00eele de Santiago avec d\u00e9gustations et plage de Tarrafal"},"content":{"rendered":"<p>D\u00e9couvrez les points forts de l'\u00eele de Santiago lors d'une excursion au d\u00e9part de Praia. Savourez un petit-d\u00e9jeuner typique avec une famille locale, visitez le march\u00e9 d'Assomada, traversez la Serra Malagueta et d\u00e9tendez-vous sur la plage de Tarrafal.<\/p>","protected":false},"excerpt":{"rendered":"<p>Discover the dramatic geological formations and marine life of Santiago on this boat trip to Vila da Ribeira da Barca. Embark on a 30-minute trip aboard a traditional fishing boat, admire the inspiring views of the volcanic crust\u2014a testimony to the island&#8217;s geological history\u2014then venture into Aguas Belas (&#8220;beautiful waters&#8221;) where you can swim and snorkel in enchanting caves while our team prepares a delicious barbecue for you by the sea.<\/p>","protected":false},"featured_media":3449,"template":"","meta":{"_acf_changed":false},"product_brand":[],"product_cat":[88,74,76,87],"product_tag":[90,78,80,89],"class_list":{"0":"post-6774","1":"product","2":"type-product","3":"status-publish","4":"has-post-thumbnail","6":"product_cat-cultural","7":"product_cat-day-tour","8":"product_cat-family","9":"product_cat-santiago","10":"product_tag-cultural","11":"product_tag-day-tour","12":"product_tag-family","13":"product_tag-santiago","14":"wcpa_has_options","16":"first","17":"instock","18":"purchasable","19":"product-type-simple"},"acf":[],"_links":{"self":[{"href":"https:\/\/sodadetour.com\/fr\/wp-json\/wp\/v2\/product\/6774","targetHints":{"allow":["GET"]}}],"collection":[{"href":"https:\/\/sodadetour.com\/fr\/wp-json\/wp\/v2\/product"}],"about":[{"href":"https:\/\/sodadetour.com\/fr\/wp-json\/wp\/v2\/types\/product"}],"wp:featuredmedia":[{"embeddable":true,"href":"https:\/\/sodadetour.com\/fr\/wp-json\/wp\/v2\/media\/3449"}],"wp:attachment":[{"href":"https:\/\/sodadetour.com\/fr\/wp-json\/wp\/v2\/media?parent=6774"}],"wp:term":[{"taxonomy":"product_brand","embeddable":true,"href":"https:\/\/sodadetour.com\/fr\/wp-json\/wp\/v2\/product_brand?post=6774"},{"taxonomy":"product_cat","embeddable":true,"href":"https:\/\/sodadetour.com\/fr\/wp-json\/wp\/v2\/product_cat?post=6774"},{"taxonomy":"product_tag","embeddable":true,"href":"https:\/\/sodadetour.com\/fr\/wp-json\/wp\/v2\/product_tag?post=6774"}],"curies":[{"name":"wp","href":"https:\/\/api.w.org\/{rel}","templated":true}]}}