{"id":6773,"date":"2026-01-20T00:21:47","date_gmt":"2026-01-20T01:21:47","guid":{"rendered":"https:\/\/sodadetour.com\/product\/santiago-hike-in-the-calabaceira-valley-and-visit-cidade-velha\/"},"modified":"2026-02-02T01:23:45","modified_gmt":"2026-02-02T02:23:45","slug":"santiago-randonnee-dans-la-vallee-de-la-calabaceira-et-visite-de-la-cidade-velha","status":"publish","type":"product","link":"https:\/\/sodadetour.com\/fr\/produit\/santiago-randonnee-dans-la-vallee-de-la-calabaceira-et-visite-de-la-cidade-velha\/","title":{"rendered":"Santiago : Randonn\u00e9e dans la vall\u00e9e de Calabaceira et visite de la Cidade Velha"},"content":{"rendered":"<p>Randonn\u00e9e de 3 heures dans la vall\u00e9e verte avec un guide local. Admirez la v\u00e9g\u00e9tation luxuriante et explorez l'histoire de la premi\u00e8re ville construite par les Europ\u00e9ens en Afrique subsaharienne. D\u00e9couvrez l'ancien march\u00e9 aux esclaves de la vieille ville, class\u00e9 au patrimoine mondial de l'UNESCO.<\/p>","protected":false},"excerpt":{"rendered":"<p>Explore the trail between Boca de Ambas Ribeiras\/Mocho\/Ch\u00e3 de Igreja to Santo Ant\u00e3o, marveling at the vast vegetation that emerges from between the terraces. Zig-zag along the trail, enjoy the view of the valley, visit a rum distillery, and then go to the edge to enjoy the most breathtaking views of the green valley of the Heron stretching out before you, with the ocean 4 kilometers away, before embarking on the next challenge of this memorable hiking experience.<\/p>","protected":false},"featured_media":3456,"template":"","meta":{"_acf_changed":false},"product_brand":[],"product_cat":[75,88,74,91,87],"product_tag":[79,90,78,92,89],"class_list":{"0":"post-6773","1":"product","2":"type-product","3":"status-publish","4":"has-post-thumbnail","6":"product_cat-adventure","7":"product_cat-cultural","8":"product_cat-day-tour","9":"product_cat-hiking","10":"product_cat-santiago","11":"product_tag-adventure","12":"product_tag-cultural","13":"product_tag-day-tour","14":"product_tag-hiking","15":"product_tag-santiago","16":"wcpa_has_options","18":"first","19":"instock","20":"purchasable","21":"product-type-simple"},"acf":[],"_links":{"self":[{"href":"https:\/\/sodadetour.com\/fr\/wp-json\/wp\/v2\/product\/6773","targetHints":{"allow":["GET"]}}],"collection":[{"href":"https:\/\/sodadetour.com\/fr\/wp-json\/wp\/v2\/product"}],"about":[{"href":"https:\/\/sodadetour.com\/fr\/wp-json\/wp\/v2\/types\/product"}],"wp:featuredmedia":[{"embeddable":true,"href":"https:\/\/sodadetour.com\/fr\/wp-json\/wp\/v2\/media\/3456"}],"wp:attachment":[{"href":"https:\/\/sodadetour.com\/fr\/wp-json\/wp\/v2\/media?parent=6773"}],"wp:term":[{"taxonomy":"product_brand","embeddable":true,"href":"https:\/\/sodadetour.com\/fr\/wp-json\/wp\/v2\/product_brand?post=6773"},{"taxonomy":"product_cat","embeddable":true,"href":"https:\/\/sodadetour.com\/fr\/wp-json\/wp\/v2\/product_cat?post=6773"},{"taxonomy":"product_tag","embeddable":true,"href":"https:\/\/sodadetour.com\/fr\/wp-json\/wp\/v2\/product_tag?post=6773"}],"curies":[{"name":"wp","href":"https:\/\/api.w.org\/{rel}","templated":true}]}}