{"id":6769,"date":"2026-01-28T17:43:25","date_gmt":"2026-01-28T18:43:25","guid":{"rendered":"https:\/\/sodadetour.com\/product\/boa-vista-quad-bike-adventure-in-the-viana-desert\/"},"modified":"2026-02-02T01:23:44","modified_gmt":"2026-02-02T02:23:44","slug":"boa-vista-quad-bike-adventure-in-the-viana-desert","status":"publish","type":"product","link":"https:\/\/sodadetour.com\/fr\/produit\/boa-vista-quad-bike-adventure-in-the-viana-desert\/","title":{"rendered":"\u00cele de Boa Vista : Aventure en quad"},"content":{"rendered":"<p>D\u00e9couvrez les merveilles du d\u00e9sert de Viana et des villages environnants lors de cette aventure en quad d'une demi-journ\u00e9e. Admirez les vues panoramiques du paysage sablonneux, visitez les charmants villages de Rabil et Bofareira, d\u00e9couvrez l'artisanat local et bien plus encore.<\/p>","protected":false},"excerpt":{"rendered":"<p>Explore the authentic side of Boa Vista on this full-day island tour that takes you from the oldest village of Povoa\u00e7\u00e3o Velha to the longest beach on the islands. Swim or simply enjoy the extensive beach at Santa Monica, continue alongside the southwest side to Varandinha Beach with its rock formations and natural caves, stop by Shark Bay where you might see Lemon Sharks, and finish with a &#8220;mini-Dakar-Paris&#8221; Dune Safari through the sand dunes of Morro de Areia.<\/p>","protected":false},"featured_media":6264,"template":"","meta":{"_acf_changed":false},"product_brand":[],"product_cat":[75,103,74],"product_tag":[79,104,78],"class_list":{"0":"post-6769","1":"product","2":"type-product","3":"status-publish","4":"has-post-thumbnail","6":"product_cat-adventure","7":"product_cat-boa-vista","8":"product_cat-day-tour","9":"product_tag-adventure","10":"product_tag-boa-vista","11":"product_tag-day-tour","12":"wcpa_has_options","14":"first","15":"instock","16":"purchasable","17":"product-type-simple"},"acf":[],"_links":{"self":[{"href":"https:\/\/sodadetour.com\/fr\/wp-json\/wp\/v2\/product\/6769","targetHints":{"allow":["GET"]}}],"collection":[{"href":"https:\/\/sodadetour.com\/fr\/wp-json\/wp\/v2\/product"}],"about":[{"href":"https:\/\/sodadetour.com\/fr\/wp-json\/wp\/v2\/types\/product"}],"wp:featuredmedia":[{"embeddable":true,"href":"https:\/\/sodadetour.com\/fr\/wp-json\/wp\/v2\/media\/6264"}],"wp:attachment":[{"href":"https:\/\/sodadetour.com\/fr\/wp-json\/wp\/v2\/media?parent=6769"}],"wp:term":[{"taxonomy":"product_brand","embeddable":true,"href":"https:\/\/sodadetour.com\/fr\/wp-json\/wp\/v2\/product_brand?post=6769"},{"taxonomy":"product_cat","embeddable":true,"href":"https:\/\/sodadetour.com\/fr\/wp-json\/wp\/v2\/product_cat?post=6769"},{"taxonomy":"product_tag","embeddable":true,"href":"https:\/\/sodadetour.com\/fr\/wp-json\/wp\/v2\/product_tag?post=6769"}],"curies":[{"name":"wp","href":"https:\/\/api.w.org\/{rel}","templated":true}]}}