{"id":6767,"date":"2026-01-25T22:51:31","date_gmt":"2026-01-25T23:51:31","guid":{"rendered":"https:\/\/sodadetour.com\/product\/boavista-rooftop-with-sunset-wine-tasting-and-tapas\/"},"modified":"2026-02-02T01:23:44","modified_gmt":"2026-02-02T02:23:44","slug":"boavista-rooftop-avec-degustation-de-vins-et-tapas-au-coucher-du-soleil","status":"publish","type":"product","link":"https:\/\/sodadetour.com\/fr\/produit\/boavista-rooftop-avec-degustation-de-vins-et-tapas-au-coucher-du-soleil\/","title":{"rendered":"Boavista : Toit avec coucher de soleil, d\u00e9gustation de vins et tapas"},"content":{"rendered":"<p>Cette exp\u00e9rience unique associe la d\u00e9gustation de vins locaux \u00e0 une vari\u00e9t\u00e9 de d\u00e9licieux tapas, notamment du fromage, des olives et du prosciutto, tout en visitant deux des meilleurs restaurants de l'\u00eele et en profitant du coucher de soleil.<\/p>","protected":false},"excerpt":{"rendered":"<p>Experience the wild side of Boa Vista on this thrilling 2-hour buggy expedition through untouched nature, where your mind will be free as a child. Explore this incredible environment designed for nature and driving lovers, traveling through sand dunes, desert terrain, and rough off-road paths, visiting the Chapel of F\u00e1tima and heading to the beautiful Estoril Bay via the capital of Sal Rei on this adventure that captures the essence of freedom.<\/p>","protected":false},"featured_media":3681,"template":"","meta":{"_acf_changed":false},"product_brand":[],"product_cat":[103,88,74],"product_tag":[104,90,78],"class_list":{"0":"post-6767","1":"product","2":"type-product","3":"status-publish","4":"has-post-thumbnail","6":"product_cat-boa-vista","7":"product_cat-cultural","8":"product_cat-day-tour","9":"product_tag-boa-vista","10":"product_tag-cultural","11":"product_tag-day-tour","12":"wcpa_has_options","14":"first","15":"instock","16":"purchasable","17":"product-type-simple"},"acf":[],"_links":{"self":[{"href":"https:\/\/sodadetour.com\/fr\/wp-json\/wp\/v2\/product\/6767","targetHints":{"allow":["GET"]}}],"collection":[{"href":"https:\/\/sodadetour.com\/fr\/wp-json\/wp\/v2\/product"}],"about":[{"href":"https:\/\/sodadetour.com\/fr\/wp-json\/wp\/v2\/types\/product"}],"wp:featuredmedia":[{"embeddable":true,"href":"https:\/\/sodadetour.com\/fr\/wp-json\/wp\/v2\/media\/3681"}],"wp:attachment":[{"href":"https:\/\/sodadetour.com\/fr\/wp-json\/wp\/v2\/media?parent=6767"}],"wp:term":[{"taxonomy":"product_brand","embeddable":true,"href":"https:\/\/sodadetour.com\/fr\/wp-json\/wp\/v2\/product_brand?post=6767"},{"taxonomy":"product_cat","embeddable":true,"href":"https:\/\/sodadetour.com\/fr\/wp-json\/wp\/v2\/product_cat?post=6767"},{"taxonomy":"product_tag","embeddable":true,"href":"https:\/\/sodadetour.com\/fr\/wp-json\/wp\/v2\/product_tag?post=6767"}],"curies":[{"name":"wp","href":"https:\/\/api.w.org\/{rel}","templated":true}]}}