{"id":6765,"date":"2026-01-21T20:05:04","date_gmt":"2026-01-21T21:05:04","guid":{"rendered":"https:\/\/sodadetour.com\/product\/boa-vista-birdwatching-in-a-natural-environment\/"},"modified":"2026-02-02T01:23:43","modified_gmt":"2026-02-02T02:23:43","slug":"boa-vista-observation-des-oiseaux-dans-un-environnement-naturel","status":"publish","type":"product","link":"https:\/\/sodadetour.com\/fr\/produit\/boa-vista-observation-des-oiseaux-dans-un-environnement-naturel\/","title":{"rendered":"Boa Vista : Observation des oiseaux dans un environnement naturel"},"content":{"rendered":"<div data-track=\"overview\" data-v-c88e0292=\"\">\n<section id=\"activity-overview\" class=\"activity-overview\" data-component=\"overview\" data-v-c88e0292=\"\" data-v-f3236c42=\"\">\n<p class=\"activity-overview__content\" data-test-id=\"activity-overview-content\" data-v-f3236c42=\"\">Explorez les zones prot\u00e9g\u00e9es de Boa Vista lors d'une visite guid\u00e9e priv\u00e9e en Jeep 4\u00d74 et impr\u00e9gnez-vous de la beaut\u00e9 sereine. \u00c9merveillez-vous devant la vari\u00e9t\u00e9 d'oiseaux dans leur habitat naturel lors de cette visite personnalis\u00e9e.<\/p>\n<\/section>\n<\/div>\n<div data-track=\"key-details\" data-v-c88e0292=\"\">\n<section id=\"key-details\" class=\"activity-key-details js-section-content\" data-component=\"key-details\" data-test-id=\"activity-key-details\" data-v-c88e0292=\"\" data-v-08abb16c=\"\">\n<h2 class=\"activity-key-details__title\" data-v-08abb16c=\"\"><\/h2>\n<\/section>\n<\/div>","protected":false},"excerpt":{"rendered":"<p>Participate in a meaningful conservation experience on this turtle watching tour that supports the protection of endangered loggerhead turtles. From June to October, witness the magical spectacle as large females come ashore to lay their eggs in special nests on the beach, observing them preparing the nest with precision, laying eggs with care, covering them with sand, and returning peacefully to the sea\u2014all while following strict guidelines to avoid disturbing these incredible creatures.<\/p>","protected":false},"featured_media":2792,"template":"","meta":{"_acf_changed":false},"product_brand":[],"product_cat":[103,74,81],"product_tag":[104,78,82],"class_list":{"0":"post-6765","1":"product","2":"type-product","3":"status-publish","4":"has-post-thumbnail","6":"product_cat-boa-vista","7":"product_cat-day-tour","8":"product_cat-wildlife","9":"product_tag-boa-vista","10":"product_tag-day-tour","11":"product_tag-wildlife","12":"wcpa_has_options","14":"first","15":"instock","16":"purchasable","17":"product-type-simple"},"acf":[],"_links":{"self":[{"href":"https:\/\/sodadetour.com\/fr\/wp-json\/wp\/v2\/product\/6765","targetHints":{"allow":["GET"]}}],"collection":[{"href":"https:\/\/sodadetour.com\/fr\/wp-json\/wp\/v2\/product"}],"about":[{"href":"https:\/\/sodadetour.com\/fr\/wp-json\/wp\/v2\/types\/product"}],"wp:featuredmedia":[{"embeddable":true,"href":"https:\/\/sodadetour.com\/fr\/wp-json\/wp\/v2\/media\/2792"}],"wp:attachment":[{"href":"https:\/\/sodadetour.com\/fr\/wp-json\/wp\/v2\/media?parent=6765"}],"wp:term":[{"taxonomy":"product_brand","embeddable":true,"href":"https:\/\/sodadetour.com\/fr\/wp-json\/wp\/v2\/product_brand?post=6765"},{"taxonomy":"product_cat","embeddable":true,"href":"https:\/\/sodadetour.com\/fr\/wp-json\/wp\/v2\/product_cat?post=6765"},{"taxonomy":"product_tag","embeddable":true,"href":"https:\/\/sodadetour.com\/fr\/wp-json\/wp\/v2\/product_tag?post=6765"}],"curies":[{"name":"wp","href":"https:\/\/api.w.org\/{rel}","templated":true}]}}