{"id":6764,"date":"2026-01-27T22:02:46","date_gmt":"2026-01-27T23:02:46","guid":{"rendered":"https:\/\/sodadetour.com\/product\/boavista-island-santa-monica-cave-dunes-and-shipwreck-city-of-sal-rei\/"},"modified":"2026-02-20T22:51:54","modified_gmt":"2026-02-20T23:51:54","slug":"boavista-island-santa-monica-cave-dunes-and-shipwreck-city-of-sal-rei","status":"publish","type":"product","link":"https:\/\/sodadetour.com\/fr\/produit\/boavista-island-santa-monica-cave-dunes-and-shipwreck-city-of-sal-rei\/","title":{"rendered":"\u00cele de Boavista : Plage de Santa Monica, grotte, dunes, \u00e9pave, Sal Rei"},"content":{"rendered":"<p>Explorez l'\u00eele du nord au sud lors d'une excursion d'une journ\u00e9e en petit groupe avec un guide local. D\u00e9couvrez ses principales attractions, telles que le d\u00e9sert de Viana, la plage de Santa Monica, les grottes et l'\u00e9pave.<\/p>","protected":false},"excerpt":{"rendered":"<p>Embark on an unforgettable birdwatching expedition through the captivating landscapes of Boavista, where your experienced guide will lead you to discover elusive species from the majestic Cape Verdean sparrow to the local heron. This private, personalized Jeep tour takes you deep into the heart of nature, revealing the secrets of Boavista&#8217;s diverse birdlife and creating memories that will last a lifetime as you witness these feathered creatures in their natural habitat.<\/p>","protected":false},"featured_media":2790,"template":"","meta":{"_acf_changed":false},"product_brand":[],"product_cat":[75,103,74,76,128],"product_tag":[79,104,78,80],"class_list":{"0":"post-6764","1":"product","2":"type-product","3":"status-publish","4":"has-post-thumbnail","6":"product_cat-adventure","7":"product_cat-boa-vista","8":"product_cat-day-tour","9":"product_cat-family","10":"product_cat-full-day-tours","11":"product_tag-adventure","12":"product_tag-boa-vista","13":"product_tag-day-tour","14":"product_tag-family","15":"wcpa_has_options","17":"first","18":"instock","19":"purchasable","20":"product-type-simple"},"acf":[],"_links":{"self":[{"href":"https:\/\/sodadetour.com\/fr\/wp-json\/wp\/v2\/product\/6764","targetHints":{"allow":["GET"]}}],"collection":[{"href":"https:\/\/sodadetour.com\/fr\/wp-json\/wp\/v2\/product"}],"about":[{"href":"https:\/\/sodadetour.com\/fr\/wp-json\/wp\/v2\/types\/product"}],"wp:featuredmedia":[{"embeddable":true,"href":"https:\/\/sodadetour.com\/fr\/wp-json\/wp\/v2\/media\/2790"}],"wp:attachment":[{"href":"https:\/\/sodadetour.com\/fr\/wp-json\/wp\/v2\/media?parent=6764"}],"wp:term":[{"taxonomy":"product_brand","embeddable":true,"href":"https:\/\/sodadetour.com\/fr\/wp-json\/wp\/v2\/product_brand?post=6764"},{"taxonomy":"product_cat","embeddable":true,"href":"https:\/\/sodadetour.com\/fr\/wp-json\/wp\/v2\/product_cat?post=6764"},{"taxonomy":"product_tag","embeddable":true,"href":"https:\/\/sodadetour.com\/fr\/wp-json\/wp\/v2\/product_tag?post=6764"}],"curies":[{"name":"wp","href":"https:\/\/api.w.org\/{rel}","templated":true}]}}