{"id":6763,"date":"2026-01-21T13:54:20","date_gmt":"2026-01-21T14:54:20","guid":{"rendered":"https:\/\/sodadetour.com\/product\/boavista-green-turtle-and-shark-bay-sandboarding-tour-and-tasting\/"},"modified":"2026-02-02T01:23:43","modified_gmt":"2026-02-02T02:23:43","slug":"boavista-green-turtle-and-shark-bay-sandboarding-tour-and-tasting","status":"publish","type":"product","link":"https:\/\/sodadetour.com\/fr\/produit\/boavista-green-turtle-and-shark-bay-sandboarding-tour-and-tasting\/","title":{"rendered":"Boavista : Tortue verte et baie des requins : Excursion et d\u00e9gustation de sandboarding"},"content":{"rendered":"<p>Passez une demi-journ\u00e9e \u00e0 explorer la c\u00f4te ouest de Boavista en faisant du sandboarding dans les dunes et une excursion en 4\u00d74. Vous aurez l'occasion de voir des tortues vertes et des requins citron et de go\u00fbter aux sp\u00e9cialit\u00e9s locales.<\/p>","protected":false},"excerpt":{"rendered":"<p>Discover the breathtaking beauty of Boa Vista on this comprehensive tour that takes you from the longest beach in Cape Verde to the impressive Viana Desert and a historic shipwreck. Walk barefoot on the immense deserted white sand of Santa Monica Beach, explore huge white sand dunes with small oases, and visit the MS Cabo Santa Maria shipwreck that has been lying for over 50 years, creating an important landmark and symbol of Boavista.<\/p>","protected":false},"featured_media":3657,"template":"","meta":{"_acf_changed":false},"product_brand":[],"product_cat":[75,103,88,74,76,81],"product_tag":[79,104,90,78,80,82],"class_list":{"0":"post-6763","1":"product","2":"type-product","3":"status-publish","4":"has-post-thumbnail","6":"product_cat-adventure","7":"product_cat-boa-vista","8":"product_cat-cultural","9":"product_cat-day-tour","10":"product_cat-family","11":"product_cat-wildlife","12":"product_tag-adventure","13":"product_tag-boa-vista","14":"product_tag-cultural","15":"product_tag-day-tour","16":"product_tag-family","17":"product_tag-wildlife","18":"wcpa_has_options","20":"first","21":"instock","22":"purchasable","23":"product-type-simple"},"acf":[],"_links":{"self":[{"href":"https:\/\/sodadetour.com\/fr\/wp-json\/wp\/v2\/product\/6763","targetHints":{"allow":["GET"]}}],"collection":[{"href":"https:\/\/sodadetour.com\/fr\/wp-json\/wp\/v2\/product"}],"about":[{"href":"https:\/\/sodadetour.com\/fr\/wp-json\/wp\/v2\/types\/product"}],"wp:featuredmedia":[{"embeddable":true,"href":"https:\/\/sodadetour.com\/fr\/wp-json\/wp\/v2\/media\/3657"}],"wp:attachment":[{"href":"https:\/\/sodadetour.com\/fr\/wp-json\/wp\/v2\/media?parent=6763"}],"wp:term":[{"taxonomy":"product_brand","embeddable":true,"href":"https:\/\/sodadetour.com\/fr\/wp-json\/wp\/v2\/product_brand?post=6763"},{"taxonomy":"product_cat","embeddable":true,"href":"https:\/\/sodadetour.com\/fr\/wp-json\/wp\/v2\/product_cat?post=6763"},{"taxonomy":"product_tag","embeddable":true,"href":"https:\/\/sodadetour.com\/fr\/wp-json\/wp\/v2\/product_tag?post=6763"}],"curies":[{"name":"wp","href":"https:\/\/api.w.org\/{rel}","templated":true}]}}