{"id":6760,"date":"2026-01-23T06:13:36","date_gmt":"2026-01-23T07:13:36","guid":{"rendered":"https:\/\/sodadetour.com\/product\/sal-island-jetski-tour-of-santa-maria-bay\/"},"modified":"2026-02-02T01:23:43","modified_gmt":"2026-02-02T02:23:43","slug":"excursion-en-jetski-dans-la-baie-de-santa-maria-sur-lile-de-sal","status":"publish","type":"product","link":"https:\/\/sodadetour.com\/fr\/produit\/excursion-en-jetski-dans-la-baie-de-santa-maria-sur-lile-de-sal\/","title":{"rendered":"\u00cele de Sal : tour en jetski de la baie de Santa Maria"},"content":{"rendered":"<p>Voyagez le long de la c\u00f4te de l'\u00eele de Sal au Cap-Vert en r\u00e9servant cette excursion en jet ski \u00e0 sensations fortes au d\u00e9part de Santa Maria. Rencontrez votre guide et recevez les consignes de s\u00e9curit\u00e9 avant de partir pour une aventure palpitante.<\/p>","protected":false},"excerpt":{"rendered":"<p>Discover Sal Island at your own pace with our eco-friendly autonomous electric cars that offer a fun and sustainable way to explore hidden gems beyond the usual tourist sights. Perfect for groups of friends, these easy-to-drive cars provide a unique adventure through picturesque landscapes, charming villages, and vibrant local culture, allowing you to wander through stunning destinations and immerse yourself in the authentic Cape Verdean experience.<\/p>","protected":false},"featured_media":3689,"template":"","meta":{"_acf_changed":false},"product_brand":[],"product_cat":[75,74,73,83],"product_tag":[79,78,77,85],"class_list":{"0":"post-6760","1":"product","2":"type-product","3":"status-publish","4":"has-post-thumbnail","6":"product_cat-adventure","7":"product_cat-day-tour","8":"product_cat-sal","9":"product_cat-water-sports","10":"product_tag-adventure","11":"product_tag-day-tour","12":"product_tag-sal","13":"product_tag-water-sports","14":"wcpa_has_options","16":"first","17":"instock","18":"purchasable","19":"product-type-simple"},"acf":[],"_links":{"self":[{"href":"https:\/\/sodadetour.com\/fr\/wp-json\/wp\/v2\/product\/6760","targetHints":{"allow":["GET"]}}],"collection":[{"href":"https:\/\/sodadetour.com\/fr\/wp-json\/wp\/v2\/product"}],"about":[{"href":"https:\/\/sodadetour.com\/fr\/wp-json\/wp\/v2\/types\/product"}],"wp:featuredmedia":[{"embeddable":true,"href":"https:\/\/sodadetour.com\/fr\/wp-json\/wp\/v2\/media\/3689"}],"wp:attachment":[{"href":"https:\/\/sodadetour.com\/fr\/wp-json\/wp\/v2\/media?parent=6760"}],"wp:term":[{"taxonomy":"product_brand","embeddable":true,"href":"https:\/\/sodadetour.com\/fr\/wp-json\/wp\/v2\/product_brand?post=6760"},{"taxonomy":"product_cat","embeddable":true,"href":"https:\/\/sodadetour.com\/fr\/wp-json\/wp\/v2\/product_cat?post=6760"},{"taxonomy":"product_tag","embeddable":true,"href":"https:\/\/sodadetour.com\/fr\/wp-json\/wp\/v2\/product_tag?post=6760"}],"curies":[{"name":"wp","href":"https:\/\/api.w.org\/{rel}","templated":true}]}}