{"id":6757,"date":"2026-01-19T11:27:49","date_gmt":"2026-01-19T12:27:49","guid":{"rendered":"https:\/\/sodadetour.com\/product\/sal-island-xtreme-boat-fun-spirit\/"},"modified":"2026-02-02T01:23:42","modified_gmt":"2026-02-02T02:23:42","slug":"sal-island-xtreme-boat-fun-spirit","status":"publish","type":"product","link":"https:\/\/sodadetour.com\/fr\/produit\/sal-island-xtreme-boat-fun-spirit\/","title":{"rendered":"\u00cele de Sal : l&#039;esprit extr\u00eame du bateau"},"content":{"rendered":"<p>Pr\u00e9parez-vous \u00e0 un voyage palpitant qui vous procurera l'ultime pouss\u00e9e d'adr\u00e9naline dans la baie de Santa Maria. Nos bateaux \u00e0 r\u00e9action volent en r\u00e9alisant des prouesses \u00e0 grande vitesse et vous en redemanderez !<\/p>","protected":false},"excerpt":{"rendered":"<p>Learn the exhilarating sport of windsurfing in the ideal conditions of Cape Verde, where you&#8217;ll start with equipment explanations and on-beach lessons before trying it out in the water. This great sport offers a fun way to be active on the water, learn new skills, and experience the sensation of sailing with the wind in your hair, creating memories that will last a lifetime.<\/p>","protected":false},"featured_media":3703,"template":"","meta":{"_acf_changed":false},"product_brand":[],"product_cat":[75,74,73,83],"product_tag":[79,78,77,85],"class_list":{"0":"post-6757","1":"product","2":"type-product","3":"status-publish","4":"has-post-thumbnail","6":"product_cat-adventure","7":"product_cat-day-tour","8":"product_cat-sal","9":"product_cat-water-sports","10":"product_tag-adventure","11":"product_tag-day-tour","12":"product_tag-sal","13":"product_tag-water-sports","14":"wcpa_has_options","16":"first","17":"instock","18":"purchasable","19":"product-type-simple"},"acf":[],"_links":{"self":[{"href":"https:\/\/sodadetour.com\/fr\/wp-json\/wp\/v2\/product\/6757","targetHints":{"allow":["GET"]}}],"collection":[{"href":"https:\/\/sodadetour.com\/fr\/wp-json\/wp\/v2\/product"}],"about":[{"href":"https:\/\/sodadetour.com\/fr\/wp-json\/wp\/v2\/types\/product"}],"wp:featuredmedia":[{"embeddable":true,"href":"https:\/\/sodadetour.com\/fr\/wp-json\/wp\/v2\/media\/3703"}],"wp:attachment":[{"href":"https:\/\/sodadetour.com\/fr\/wp-json\/wp\/v2\/media?parent=6757"}],"wp:term":[{"taxonomy":"product_brand","embeddable":true,"href":"https:\/\/sodadetour.com\/fr\/wp-json\/wp\/v2\/product_brand?post=6757"},{"taxonomy":"product_cat","embeddable":true,"href":"https:\/\/sodadetour.com\/fr\/wp-json\/wp\/v2\/product_cat?post=6757"},{"taxonomy":"product_tag","embeddable":true,"href":"https:\/\/sodadetour.com\/fr\/wp-json\/wp\/v2\/product_tag?post=6757"}],"curies":[{"name":"wp","href":"https:\/\/api.w.org\/{rel}","templated":true}]}}