{"id":6752,"date":"2026-01-24T12:44:32","date_gmt":"2026-01-24T13:44:32","guid":{"rendered":"https:\/\/sodadetour.com\/product\/sal-island-dolphin-watching-on-a-jet-boat\/"},"modified":"2026-02-02T01:23:40","modified_gmt":"2026-02-02T02:23:40","slug":"sal-island-observation-des-dauphins-en-jet-boat","status":"publish","type":"product","link":"https:\/\/sodadetour.com\/fr\/produit\/sal-island-observation-des-dauphins-en-jet-boat\/","title":{"rendered":"\u00cele de Sal : observation des dauphins en jet boat"},"content":{"rendered":"<p>Participez \u00e0 une excursion guid\u00e9e d'une journ\u00e9e au d\u00e9part de votre h\u00f4tel \u00e0 Santa Maria et naviguez autour de la baie pour rep\u00e9rer les dauphins. Faites un tour en jet boat et observez les dauphins.<\/p>","protected":false},"excerpt":{"rendered":"<p>Discover the magical world beneath the waves on this dolphin watching excursion to Santa Maria Bay. Keep an eye out for wild dolphins as you cruise across the turquoise waters, admire panoramic views of the coastline, and learn interesting facts about local marine life from your guide, who will explain how these animals live in their natural habitat.<\/p>","protected":false},"featured_media":2764,"template":"","meta":{"_acf_changed":false},"product_brand":[],"product_cat":[74,76,73,83,81],"product_tag":[78,80,77,85,82],"class_list":{"0":"post-6752","1":"product","2":"type-product","3":"status-publish","4":"has-post-thumbnail","6":"product_cat-day-tour","7":"product_cat-family","8":"product_cat-sal","9":"product_cat-water-sports","10":"product_cat-wildlife","11":"product_tag-day-tour","12":"product_tag-family","13":"product_tag-sal","14":"product_tag-water-sports","15":"product_tag-wildlife","16":"wcpa_has_options","18":"first","19":"instock","20":"purchasable","21":"product-type-simple"},"acf":[],"_links":{"self":[{"href":"https:\/\/sodadetour.com\/fr\/wp-json\/wp\/v2\/product\/6752","targetHints":{"allow":["GET"]}}],"collection":[{"href":"https:\/\/sodadetour.com\/fr\/wp-json\/wp\/v2\/product"}],"about":[{"href":"https:\/\/sodadetour.com\/fr\/wp-json\/wp\/v2\/types\/product"}],"wp:featuredmedia":[{"embeddable":true,"href":"https:\/\/sodadetour.com\/fr\/wp-json\/wp\/v2\/media\/2764"}],"wp:attachment":[{"href":"https:\/\/sodadetour.com\/fr\/wp-json\/wp\/v2\/media?parent=6752"}],"wp:term":[{"taxonomy":"product_brand","embeddable":true,"href":"https:\/\/sodadetour.com\/fr\/wp-json\/wp\/v2\/product_brand?post=6752"},{"taxonomy":"product_cat","embeddable":true,"href":"https:\/\/sodadetour.com\/fr\/wp-json\/wp\/v2\/product_cat?post=6752"},{"taxonomy":"product_tag","embeddable":true,"href":"https:\/\/sodadetour.com\/fr\/wp-json\/wp\/v2\/product_tag?post=6752"}],"curies":[{"name":"wp","href":"https:\/\/api.w.org\/{rel}","templated":true}]}}