{"id":6747,"date":"2026-01-16T16:29:13","date_gmt":"2026-01-16T17:29:13","guid":{"rendered":"https:\/\/sodadetour.com\/product\/santiago-island-santiago-island-walk-from-serra-malagueta-to-tarrafal\/"},"modified":"2026-02-02T01:23:40","modified_gmt":"2026-02-02T02:23:40","slug":"santiago-island-santiago-island-walk-from-serra-malagueta-to-tarrafal","status":"publish","type":"product","link":"https:\/\/sodadetour.com\/fr\/produit\/santiago-island-santiago-island-walk-from-serra-malagueta-to-tarrafal\/","title":{"rendered":"\u00cele de Santiago : \u00cele de Santiago : promenade de la Serra Malagueta \u00e0 Tarrafal"},"content":{"rendered":"<p>Explorez les merveilles de l'\u00eele de Santiago lors d'une randonn\u00e9e qui passe par la Serra Malagueta et la plage de Tarrafal. Observez et apprenez \u00e0 conna\u00eetre la flore et la faune indig\u00e8nes et profitez de vues panoramiques sur les paysages de l'\u00eele.<\/p>","protected":false},"excerpt":{"rendered":"<p>Journey through the majestic mountains of Santiago to the renowned Serra Malagueta Natural Park, where your expert guide will lead you through lush landscapes teeming with diverse flora and fauna. After a rewarding hike through this protected area, continue to picturesque Tarrafal Beach, Santiago&#8217;s most beautiful shore, where you can relax, swim, and reflect on a day filled with adventure and natural beauty.<\/p>","protected":false},"featured_media":3768,"template":"","meta":{"_acf_changed":false},"product_brand":[],"product_cat":[75,74,91,87],"product_tag":[79,78,92,89],"class_list":{"0":"post-6747","1":"product","2":"type-product","3":"status-publish","4":"has-post-thumbnail","6":"product_cat-adventure","7":"product_cat-day-tour","8":"product_cat-hiking","9":"product_cat-santiago","10":"product_tag-adventure","11":"product_tag-day-tour","12":"product_tag-hiking","13":"product_tag-santiago","14":"wcpa_has_options","16":"first","17":"instock","18":"purchasable","19":"product-type-simple"},"acf":[],"_links":{"self":[{"href":"https:\/\/sodadetour.com\/fr\/wp-json\/wp\/v2\/product\/6747","targetHints":{"allow":["GET"]}}],"collection":[{"href":"https:\/\/sodadetour.com\/fr\/wp-json\/wp\/v2\/product"}],"about":[{"href":"https:\/\/sodadetour.com\/fr\/wp-json\/wp\/v2\/types\/product"}],"wp:featuredmedia":[{"embeddable":true,"href":"https:\/\/sodadetour.com\/fr\/wp-json\/wp\/v2\/media\/3768"}],"wp:attachment":[{"href":"https:\/\/sodadetour.com\/fr\/wp-json\/wp\/v2\/media?parent=6747"}],"wp:term":[{"taxonomy":"product_brand","embeddable":true,"href":"https:\/\/sodadetour.com\/fr\/wp-json\/wp\/v2\/product_brand?post=6747"},{"taxonomy":"product_cat","embeddable":true,"href":"https:\/\/sodadetour.com\/fr\/wp-json\/wp\/v2\/product_cat?post=6747"},{"taxonomy":"product_tag","embeddable":true,"href":"https:\/\/sodadetour.com\/fr\/wp-json\/wp\/v2\/product_tag?post=6747"}],"curies":[{"name":"wp","href":"https:\/\/api.w.org\/{rel}","templated":true}]}}