{"id":6743,"date":"2026-01-17T15:13:21","date_gmt":"2026-01-17T16:13:21","guid":{"rendered":"https:\/\/sodadetour.com\/product\/santo-antao-island-discovering-the-classic-trails-3-4-days\/"},"modified":"2026-02-02T01:23:39","modified_gmt":"2026-02-02T02:23:39","slug":"ile-de-santo-antao-a-la-decouverte-des-sentiers-classiques-3-4-jours","status":"publish","type":"product","link":"https:\/\/sodadetour.com\/fr\/produit\/ile-de-santo-antao-a-la-decouverte-des-sentiers-classiques-3-4-jours\/","title":{"rendered":"\u00cele de Santo Antao : \u00e0 la d\u00e9couverte des sentiers classiques"},"content":{"rendered":"<p>Profitez d'une magnifique promenade \u00e0 travers les points les plus embl\u00e9matiques de l'\u00eele de Santo Antao, l'\u00eele pi\u00e9tonne par excellence de l'archipel. Des vertes terrasses de la c\u00f4te nord-est aux vall\u00e9es recul\u00e9es et min\u00e9rales de la c\u00f4te ouest, ce voyage exclusif est une v\u00e9ritable immersion dans la nature et la culture capverdienne. Chaque soir, vous retrouverez la chaleur de vos h\u00f4tes pour un repos bien m\u00e9rit\u00e9. Des marches les plus embl\u00e9matiques aux randonn\u00e9es plus intimistes, vous emprunterez des itin\u00e9raires contrast\u00e9s, \u00e0 travers des paysages grandioses aux sommets escarp\u00e9s.<\/p>","protected":false},"excerpt":{"rendered":"<p>Discover the best of Cape Verde&#8217;s hiking trails on this 4-day adventure that takes you through the dramatic landscapes of Santo Ant\u00e3o. From the lush Paul Valley to the spectacular coastal path from Ponta do Sol to Cruzinha, with its colorful villages and breathtaking ocean views, this journey offers an immersive experience in nature and Cape Verdean culture, ending with a memorable turtle watching tour in S\u00e3o Pedro.<\/p>","protected":false},"featured_media":455,"template":"","meta":{"_acf_changed":false},"product_brand":[],"product_cat":[75,88,91,97,93],"product_tag":[79,90,92,98,94],"class_list":{"0":"post-6743","1":"product","2":"type-product","3":"status-publish","4":"has-post-thumbnail","6":"product_cat-adventure","7":"product_cat-cultural","8":"product_cat-hiking","9":"product_cat-multi-day","10":"product_cat-santo-antao","11":"product_tag-adventure","12":"product_tag-cultural","13":"product_tag-hiking","14":"product_tag-multi-day","15":"product_tag-santo-antao","16":"wcpa_has_options","18":"first","19":"instock","20":"purchasable","21":"product-type-simple"},"acf":[],"_links":{"self":[{"href":"https:\/\/sodadetour.com\/fr\/wp-json\/wp\/v2\/product\/6743","targetHints":{"allow":["GET"]}}],"collection":[{"href":"https:\/\/sodadetour.com\/fr\/wp-json\/wp\/v2\/product"}],"about":[{"href":"https:\/\/sodadetour.com\/fr\/wp-json\/wp\/v2\/types\/product"}],"wp:featuredmedia":[{"embeddable":true,"href":"https:\/\/sodadetour.com\/fr\/wp-json\/wp\/v2\/media\/455"}],"wp:attachment":[{"href":"https:\/\/sodadetour.com\/fr\/wp-json\/wp\/v2\/media?parent=6743"}],"wp:term":[{"taxonomy":"product_brand","embeddable":true,"href":"https:\/\/sodadetour.com\/fr\/wp-json\/wp\/v2\/product_brand?post=6743"},{"taxonomy":"product_cat","embeddable":true,"href":"https:\/\/sodadetour.com\/fr\/wp-json\/wp\/v2\/product_cat?post=6743"},{"taxonomy":"product_tag","embeddable":true,"href":"https:\/\/sodadetour.com\/fr\/wp-json\/wp\/v2\/product_tag?post=6743"}],"curies":[{"name":"wp","href":"https:\/\/api.w.org\/{rel}","templated":true}]}}