{"id":6739,"date":"2026-01-25T03:57:32","date_gmt":"2026-01-25T04:57:32","guid":{"rendered":"https:\/\/sodadetour.com\/product\/sal-island-catamaran-half-day-trip\/"},"modified":"2026-02-02T01:23:39","modified_gmt":"2026-02-02T02:23:39","slug":"excursion-dune-demi-journee-en-catamaran-sur-lile-de-sal","status":"publish","type":"product","link":"https:\/\/sodadetour.com\/fr\/produit\/excursion-dune-demi-journee-en-catamaran-sur-lile-de-sal\/","title":{"rendered":"\u00cele de Sal : excursion d&#039;une demi-journ\u00e9e en catamaran"},"content":{"rendered":"<p><strong>La c\u00f4te de Sal est un d\u00e9cor parfait pour une croisi\u00e8re et cette excursion en catamaran r\u00e9serv\u00e9e aux adultes en tire le meilleur parti. Profitez de la brise fra\u00eeche de l'oc\u00e9an et du soleil chaud du Cap-Vert pendant que nous naviguons dans le bleu profond de l'Atlantique. Gardez un \u0153il sur les dauphins, les baleines et les tortues !<\/strong><\/p>","protected":false},"excerpt":{"rendered":"<p>Relax and unwind on this half-day catamaran excursion that combines the beauty of Cape Verde&#8217;s coastline with music, food, and drinks. Enjoy the sea breeze as you sail from Santa Maria&#8217;s pontoon, with opportunities to swim and snorkel along the way and the exciting possibility of spotting dolphins, whales, or other marine life in their natural habitat.<\/p>","protected":false},"featured_media":3255,"template":"","meta":{"_acf_changed":false},"product_brand":[],"product_cat":[74,73,83],"product_tag":[78,77,85],"class_list":{"0":"post-6739","1":"product","2":"type-product","3":"status-publish","4":"has-post-thumbnail","6":"product_cat-day-tour","7":"product_cat-sal","8":"product_cat-water-sports","9":"product_tag-day-tour","10":"product_tag-sal","11":"product_tag-water-sports","12":"wcpa_has_options","14":"first","15":"instock","16":"purchasable","17":"product-type-simple"},"acf":[],"_links":{"self":[{"href":"https:\/\/sodadetour.com\/fr\/wp-json\/wp\/v2\/product\/6739","targetHints":{"allow":["GET"]}}],"collection":[{"href":"https:\/\/sodadetour.com\/fr\/wp-json\/wp\/v2\/product"}],"about":[{"href":"https:\/\/sodadetour.com\/fr\/wp-json\/wp\/v2\/types\/product"}],"wp:featuredmedia":[{"embeddable":true,"href":"https:\/\/sodadetour.com\/fr\/wp-json\/wp\/v2\/media\/3255"}],"wp:attachment":[{"href":"https:\/\/sodadetour.com\/fr\/wp-json\/wp\/v2\/media?parent=6739"}],"wp:term":[{"taxonomy":"product_brand","embeddable":true,"href":"https:\/\/sodadetour.com\/fr\/wp-json\/wp\/v2\/product_brand?post=6739"},{"taxonomy":"product_cat","embeddable":true,"href":"https:\/\/sodadetour.com\/fr\/wp-json\/wp\/v2\/product_cat?post=6739"},{"taxonomy":"product_tag","embeddable":true,"href":"https:\/\/sodadetour.com\/fr\/wp-json\/wp\/v2\/product_tag?post=6739"}],"curies":[{"name":"wp","href":"https:\/\/api.w.org\/{rel}","templated":true}]}}