{"id":6737,"date":"2026-01-21T03:38:54","date_gmt":"2026-01-21T04:38:54","guid":{"rendered":"https:\/\/sodadetour.com\/product\/sao-vicente-swimming-and-snorkeling-tour-with-sea-turtles\/"},"modified":"2026-02-02T01:23:38","modified_gmt":"2026-02-02T02:23:38","slug":"excursion-de-natation-et-de-plongee-en-apnee-a-sao-vicente-avec-les-tortues-de-mer","status":"publish","type":"product","link":"https:\/\/sodadetour.com\/fr\/produit\/excursion-de-natation-et-de-plongee-en-apnee-a-sao-vicente-avec-les-tortues-de-mer\/","title":{"rendered":"Sao Vicente : Excursion de natation et de plong\u00e9e avec masque et tuba avec les tortues de mer"},"content":{"rendered":"<p>Embarquez pour une excursion, sautez dans l'oc\u00e9an depuis un bateau de p\u00eacheur et rencontrez des tortues de mer lors de cette excursion guid\u00e9e de plong\u00e9e avec tuba sur l'\u00eele de S\u00e3o Vicente.<\/p>","protected":false},"excerpt":{"rendered":"<p>Create unforgettable memories as you snorkel alongside majestic sea turtles in their natural habitat in the clear waters off S\u00e3o Vicente Island. This rare opportunity allows you to approach these gentle creatures safely, observing them gracefully swimming in their ocean home while learning about their behavior and conservation from experienced local guides.<\/p>","protected":false},"featured_media":3824,"template":"","meta":{"_acf_changed":false},"product_brand":[],"product_cat":[74,76,95,83,81],"product_tag":[78,80,96,85,82],"class_list":{"0":"post-6737","1":"product","2":"type-product","3":"status-publish","4":"has-post-thumbnail","6":"product_cat-day-tour","7":"product_cat-family","8":"product_cat-sao-vicente","9":"product_cat-water-sports","10":"product_cat-wildlife","11":"product_tag-day-tour","12":"product_tag-family","13":"product_tag-sao-vicente","14":"product_tag-water-sports","15":"product_tag-wildlife","16":"wcpa_has_options","18":"first","19":"instock","20":"purchasable","21":"product-type-simple"},"acf":[],"_links":{"self":[{"href":"https:\/\/sodadetour.com\/fr\/wp-json\/wp\/v2\/product\/6737","targetHints":{"allow":["GET"]}}],"collection":[{"href":"https:\/\/sodadetour.com\/fr\/wp-json\/wp\/v2\/product"}],"about":[{"href":"https:\/\/sodadetour.com\/fr\/wp-json\/wp\/v2\/types\/product"}],"wp:featuredmedia":[{"embeddable":true,"href":"https:\/\/sodadetour.com\/fr\/wp-json\/wp\/v2\/media\/3824"}],"wp:attachment":[{"href":"https:\/\/sodadetour.com\/fr\/wp-json\/wp\/v2\/media?parent=6737"}],"wp:term":[{"taxonomy":"product_brand","embeddable":true,"href":"https:\/\/sodadetour.com\/fr\/wp-json\/wp\/v2\/product_brand?post=6737"},{"taxonomy":"product_cat","embeddable":true,"href":"https:\/\/sodadetour.com\/fr\/wp-json\/wp\/v2\/product_cat?post=6737"},{"taxonomy":"product_tag","embeddable":true,"href":"https:\/\/sodadetour.com\/fr\/wp-json\/wp\/v2\/product_tag?post=6737"}],"curies":[{"name":"wp","href":"https:\/\/api.w.org\/{rel}","templated":true}]}}