{"id":6732,"date":"2026-01-15T23:32:23","date_gmt":"2026-01-16T00:32:23","guid":{"rendered":"https:\/\/sodadetour.com\/product\/santo-antaofull-day-walk-through-the-ribeira-da-torre-valley\/"},"modified":"2026-02-20T22:51:54","modified_gmt":"2026-02-20T23:51:54","slug":"santo-antaofull-day-walk-through-the-ribeira-da-torre-valley","status":"publish","type":"product","link":"https:\/\/sodadetour.com\/fr\/produit\/santo-antaofull-day-walk-through-the-ribeira-da-torre-valley\/","title":{"rendered":"Santo Antao : Randonn\u00e9e d&#039;une journ\u00e9e dans la vall\u00e9e de Ribeira da Torre"},"content":{"rendered":"<p>D\u00e9couvrez la beaut\u00e9 de la vall\u00e9e de Ribeira de Torre lors de cette excursion d'une journ\u00e9e au d\u00e9part de Ribeira Grande. Traversez des villages ruraux et une chute d'eau \u00e9tonnante avant de vous baigner dans une piscine naturelle avec les habitants de la r\u00e9gion.<\/p>","protected":false},"excerpt":{"rendered":"<p>Journey through the breathtaking Ribeira da Torre valley on this day hike that showcases the best of Santo Ant\u00e3o&#8217;s natural beauty and local culture. Walk through sugar cane and fruit tree plantations, visit a local rum distillery, and enjoy a refreshing swim in a natural pool at a mountain waterfall, all while learning about the island&#8217;s agricultural traditions from your knowledgeable guide.<\/p>","protected":false},"featured_media":3799,"template":"","meta":{"_acf_changed":false},"product_brand":[],"product_cat":[75,74,128,91,93],"product_tag":[79,78,92,94],"class_list":{"0":"post-6732","1":"product","2":"type-product","3":"status-publish","4":"has-post-thumbnail","6":"product_cat-adventure","7":"product_cat-day-tour","8":"product_cat-full-day-tours","9":"product_cat-hiking","10":"product_cat-santo-antao","11":"product_tag-adventure","12":"product_tag-day-tour","13":"product_tag-hiking","14":"product_tag-santo-antao","15":"wcpa_has_options","17":"first","18":"instock","19":"purchasable","20":"product-type-simple"},"acf":[],"_links":{"self":[{"href":"https:\/\/sodadetour.com\/fr\/wp-json\/wp\/v2\/product\/6732","targetHints":{"allow":["GET"]}}],"collection":[{"href":"https:\/\/sodadetour.com\/fr\/wp-json\/wp\/v2\/product"}],"about":[{"href":"https:\/\/sodadetour.com\/fr\/wp-json\/wp\/v2\/types\/product"}],"wp:featuredmedia":[{"embeddable":true,"href":"https:\/\/sodadetour.com\/fr\/wp-json\/wp\/v2\/media\/3799"}],"wp:attachment":[{"href":"https:\/\/sodadetour.com\/fr\/wp-json\/wp\/v2\/media?parent=6732"}],"wp:term":[{"taxonomy":"product_brand","embeddable":true,"href":"https:\/\/sodadetour.com\/fr\/wp-json\/wp\/v2\/product_brand?post=6732"},{"taxonomy":"product_cat","embeddable":true,"href":"https:\/\/sodadetour.com\/fr\/wp-json\/wp\/v2\/product_cat?post=6732"},{"taxonomy":"product_tag","embeddable":true,"href":"https:\/\/sodadetour.com\/fr\/wp-json\/wp\/v2\/product_tag?post=6732"}],"curies":[{"name":"wp","href":"https:\/\/api.w.org\/{rel}","templated":true}]}}