{"id":6728,"date":"2026-01-19T13:27:19","date_gmt":"2026-01-19T14:27:19","guid":{"rendered":"https:\/\/sodadetour.com\/product\/santiago-island-visit-cidade-velha\/"},"modified":"2026-02-02T01:23:35","modified_gmt":"2026-02-02T02:23:35","slug":"ile-de-santiago-visite-cidade-velha","status":"publish","type":"product","link":"https:\/\/sodadetour.com\/fr\/produit\/ile-de-santiago-visite-cidade-velha\/","title":{"rendered":"\u00cele de Santiago : visite de la cidade velha"},"content":{"rendered":"<p>Explorez la ville lors d'une visite guid\u00e9e des principaux sites historiques de la Cidade Velha. Cette visite vous permettra de d\u00e9couvrir l'histoire de l'esclavage et le berceau de la civilisation du pays.<\/p>","protected":false},"excerpt":{"rendered":"<p>Journey to the cradle of Cape Verdean civilization on this guided tour of Cidade Velha, the first European colonial outpost in sub-Saharan Africa and now a UNESCO World Heritage Site. Explore the fortress of S\u00e3o Filipe, the ruins of the S\u00e9 Cathedral, the slave market, and charming streets that tell the story of Cape Verde&#8217;s complex history, from pirate defenses to the fight for independence.<\/p>","protected":false},"featured_media":3199,"template":"","meta":{"_acf_changed":false},"product_brand":[],"product_cat":[88,74,87],"product_tag":[90,78,89],"class_list":{"0":"post-6728","1":"product","2":"type-product","3":"status-publish","4":"has-post-thumbnail","6":"product_cat-cultural","7":"product_cat-day-tour","8":"product_cat-santiago","9":"product_tag-cultural","10":"product_tag-day-tour","11":"product_tag-santiago","12":"wcpa_has_options","14":"first","15":"instock","16":"purchasable","17":"product-type-simple"},"acf":[],"_links":{"self":[{"href":"https:\/\/sodadetour.com\/fr\/wp-json\/wp\/v2\/product\/6728","targetHints":{"allow":["GET"]}}],"collection":[{"href":"https:\/\/sodadetour.com\/fr\/wp-json\/wp\/v2\/product"}],"about":[{"href":"https:\/\/sodadetour.com\/fr\/wp-json\/wp\/v2\/types\/product"}],"wp:featuredmedia":[{"embeddable":true,"href":"https:\/\/sodadetour.com\/fr\/wp-json\/wp\/v2\/media\/3199"}],"wp:attachment":[{"href":"https:\/\/sodadetour.com\/fr\/wp-json\/wp\/v2\/media?parent=6728"}],"wp:term":[{"taxonomy":"product_brand","embeddable":true,"href":"https:\/\/sodadetour.com\/fr\/wp-json\/wp\/v2\/product_brand?post=6728"},{"taxonomy":"product_cat","embeddable":true,"href":"https:\/\/sodadetour.com\/fr\/wp-json\/wp\/v2\/product_cat?post=6728"},{"taxonomy":"product_tag","embeddable":true,"href":"https:\/\/sodadetour.com\/fr\/wp-json\/wp\/v2\/product_tag?post=6728"}],"curies":[{"name":"wp","href":"https:\/\/api.w.org\/{rel}","templated":true}]}}