{"id":6722,"date":"2026-01-20T17:51:34","date_gmt":"2026-01-20T18:51:34","guid":{"rendered":"https:\/\/sodadetour.com\/product\/santa-maria-snorkeling-tour\/"},"modified":"2026-02-02T01:23:34","modified_gmt":"2026-02-02T02:23:34","slug":"excursion-de-plongee-en-apnee-a-santa-maria","status":"publish","type":"product","link":"https:\/\/sodadetour.com\/fr\/produit\/excursion-de-plongee-en-apnee-a-santa-maria\/","title":{"rendered":"Santa Maria : excursion de plong\u00e9e en apn\u00e9e"},"content":{"rendered":"<p>D\u00e9couvrez la vie sous-marine de Sal lors de cette excursion de plong\u00e9e guid\u00e9e au d\u00e9part de Santa Maria. Dirigez-vous vers le r\u00e9cif de l'\u00e9pave de Bolama, et observez la vie marine vibrante comme les raies, les tortues et les anguilles.<\/p>","protected":false},"excerpt":{"rendered":"<p>Discover the vibrant underwater world of Santa Maria Bay on this guided snorkeling excursion that takes you to colorful reefs and historic shipwrecks. Keep an eye out for tropical fish, rays, turtles, and moray eels as you explore two different reef locations with a knowledgeable guide who knows the area&#8217;s best spots for marine encounters.<\/p>","protected":false},"featured_media":3105,"template":"","meta":{"_acf_changed":false},"product_brand":[],"product_cat":[74,76,73,83],"product_tag":[78,80,77,85],"class_list":{"0":"post-6722","1":"product","2":"type-product","3":"status-publish","4":"has-post-thumbnail","6":"product_cat-day-tour","7":"product_cat-family","8":"product_cat-sal","9":"product_cat-water-sports","10":"product_tag-day-tour","11":"product_tag-family","12":"product_tag-sal","13":"product_tag-water-sports","14":"wcpa_has_options","16":"first","17":"instock","18":"purchasable","19":"product-type-simple"},"acf":[],"_links":{"self":[{"href":"https:\/\/sodadetour.com\/fr\/wp-json\/wp\/v2\/product\/6722","targetHints":{"allow":["GET"]}}],"collection":[{"href":"https:\/\/sodadetour.com\/fr\/wp-json\/wp\/v2\/product"}],"about":[{"href":"https:\/\/sodadetour.com\/fr\/wp-json\/wp\/v2\/types\/product"}],"wp:featuredmedia":[{"embeddable":true,"href":"https:\/\/sodadetour.com\/fr\/wp-json\/wp\/v2\/media\/3105"}],"wp:attachment":[{"href":"https:\/\/sodadetour.com\/fr\/wp-json\/wp\/v2\/media?parent=6722"}],"wp:term":[{"taxonomy":"product_brand","embeddable":true,"href":"https:\/\/sodadetour.com\/fr\/wp-json\/wp\/v2\/product_brand?post=6722"},{"taxonomy":"product_cat","embeddable":true,"href":"https:\/\/sodadetour.com\/fr\/wp-json\/wp\/v2\/product_cat?post=6722"},{"taxonomy":"product_tag","embeddable":true,"href":"https:\/\/sodadetour.com\/fr\/wp-json\/wp\/v2\/product_tag?post=6722"}],"curies":[{"name":"wp","href":"https:\/\/api.w.org\/{rel}","templated":true}]}}