{"id":6720,"date":"2026-01-21T02:21:32","date_gmt":"2026-01-21T03:21:32","guid":{"rendered":"https:\/\/sodadetour.com\/product\/enjoy-an-unforgettable-day-on-sal-island-with-our-half-day-excursion-to-shark-bay-and-salinas\/"},"modified":"2026-02-02T01:23:34","modified_gmt":"2026-02-02T02:23:34","slug":"profitez-dune-journee-inoubliable-sur-lile-de-sal-avec-notre-excursion-dune-demi-journee-a-la-baie-des-requins-et-a-salinas","status":"publish","type":"product","link":"https:\/\/sodadetour.com\/fr\/produit\/profitez-dune-journee-inoubliable-sur-lile-de-sal-avec-notre-excursion-dune-demi-journee-a-la-baie-des-requins-et-a-salinas\/","title":{"rendered":"\u00cele de Sal : visite priv\u00e9e pour observer les requins et le lac sal\u00e9"},"content":{"rendered":"<p><span style=\"vertical-align: inherit;\"><span style=\"vertical-align: inherit;\">Profitez d'une <\/span><\/span><strong><span style=\"vertical-align: inherit;\"><span style=\"vertical-align: inherit;\">journ\u00e9e inoubliable sur <\/span><\/span><span style=\"vertical-align: inherit;\"><span style=\"vertical-align: inherit;\">L'\u00eele de Sal avec notre excursion d'une demi-journ\u00e9e <\/span><\/span><span style=\"vertical-align: inherit;\"><span style=\"vertical-align: inherit;\">\u00e0 <\/span><\/span><span style=\"vertical-align: inherit;\"><span style=\"vertical-align: inherit;\">Baie des requins et Salinas <\/span><\/span><span style=\"vertical-align: inherit;\"><span style=\"vertical-align: inherit;\">.<\/span><\/span><\/strong><span style=\"vertical-align: inherit;\"><span style=\"vertical-align: inherit;\"> Observez les requins lime dans leur habitat naturel et apprenez \u00e0 les conna\u00eetre. Vous apprendrez \u00e9galement \u00e0 les conna\u00eetre et vous appr\u00e9cierez de flotter dans l'eau. <\/span><\/span><strong><span style=\"vertical-align: inherit;\"><span style=\"vertical-align: inherit;\">Pedra de Lume<\/span><\/span><\/strong><span style=\"vertical-align: inherit;\"><span style=\"vertical-align: inherit;\"> .<\/span><\/span><\/p>","protected":false},"excerpt":{"rendered":"<p>Combine two of Sal&#8217;s most incredible experiences in one half-day adventure: swimming with lemon sharks and floating in the hypersaline waters of Pedra de Lume. With expert guides ensuring your safety and comfort, you&#8217;ll enjoy close encounters with marine life and learn about the fascinating history of Cape Verde&#8217;s salt production.<\/p>","protected":false},"featured_media":2534,"template":"","meta":{"_acf_changed":false},"product_brand":[],"product_cat":[75,74,73,81],"product_tag":[79,78,77,82],"class_list":{"0":"post-6720","1":"product","2":"type-product","3":"status-publish","4":"has-post-thumbnail","6":"product_cat-adventure","7":"product_cat-day-tour","8":"product_cat-sal","9":"product_cat-wildlife","10":"product_tag-adventure","11":"product_tag-day-tour","12":"product_tag-sal","13":"product_tag-wildlife","14":"wcpa_has_options","16":"first","17":"instock","18":"purchasable","19":"product-type-simple"},"acf":[],"_links":{"self":[{"href":"https:\/\/sodadetour.com\/fr\/wp-json\/wp\/v2\/product\/6720","targetHints":{"allow":["GET"]}}],"collection":[{"href":"https:\/\/sodadetour.com\/fr\/wp-json\/wp\/v2\/product"}],"about":[{"href":"https:\/\/sodadetour.com\/fr\/wp-json\/wp\/v2\/types\/product"}],"wp:featuredmedia":[{"embeddable":true,"href":"https:\/\/sodadetour.com\/fr\/wp-json\/wp\/v2\/media\/2534"}],"wp:attachment":[{"href":"https:\/\/sodadetour.com\/fr\/wp-json\/wp\/v2\/media?parent=6720"}],"wp:term":[{"taxonomy":"product_brand","embeddable":true,"href":"https:\/\/sodadetour.com\/fr\/wp-json\/wp\/v2\/product_brand?post=6720"},{"taxonomy":"product_cat","embeddable":true,"href":"https:\/\/sodadetour.com\/fr\/wp-json\/wp\/v2\/product_cat?post=6720"},{"taxonomy":"product_tag","embeddable":true,"href":"https:\/\/sodadetour.com\/fr\/wp-json\/wp\/v2\/product_tag?post=6720"}],"curies":[{"name":"wp","href":"https:\/\/api.w.org\/{rel}","templated":true}]}}