{"id":6719,"date":"2026-01-15T20:47:04","date_gmt":"2026-01-15T21:47:04","guid":{"rendered":"https:\/\/sodadetour.com\/product\/sal-shark-bay-experience\/"},"modified":"2026-02-02T01:23:34","modified_gmt":"2026-02-02T02:23:34","slug":"lexperience-de-la-baie-de-sal-shark","status":"publish","type":"product","link":"https:\/\/sodadetour.com\/fr\/produit\/lexperience-de-la-baie-de-sal-shark\/","title":{"rendered":"Sal : Exp\u00e9rience de la Baie des Requins"},"content":{"rendered":"<p>Embarquez pour une aventure \u00e0 Shark Bay sur l'\u00eele de Sal avec un guide professionnel et vivez une exp\u00e9rience incroyable en observant des requins citron dans leur habitat naturel.<\/p>","protected":false},"excerpt":{"rendered":"<p>Get up close with lemon sharks in their natural environment on this thrilling Shark Bay experience. Enter the shallow waters with an experienced guide who will teach you about these fascinating creatures and lead you to observe their fins cutting through the surface, offering a unique marine encounter you&#8217;ll never forget.<\/p>","protected":false},"featured_media":3090,"template":"","meta":{"_acf_changed":false},"product_brand":[],"product_cat":[75,74,76,73,81],"product_tag":[79,78,80,77,82],"class_list":{"0":"post-6719","1":"product","2":"type-product","3":"status-publish","4":"has-post-thumbnail","6":"product_cat-adventure","7":"product_cat-day-tour","8":"product_cat-family","9":"product_cat-sal","10":"product_cat-wildlife","11":"product_tag-adventure","12":"product_tag-day-tour","13":"product_tag-family","14":"product_tag-sal","15":"product_tag-wildlife","16":"wcpa_has_options","18":"first","19":"instock","20":"purchasable","21":"product-type-simple"},"acf":[],"_links":{"self":[{"href":"https:\/\/sodadetour.com\/fr\/wp-json\/wp\/v2\/product\/6719","targetHints":{"allow":["GET"]}}],"collection":[{"href":"https:\/\/sodadetour.com\/fr\/wp-json\/wp\/v2\/product"}],"about":[{"href":"https:\/\/sodadetour.com\/fr\/wp-json\/wp\/v2\/types\/product"}],"wp:featuredmedia":[{"embeddable":true,"href":"https:\/\/sodadetour.com\/fr\/wp-json\/wp\/v2\/media\/3090"}],"wp:attachment":[{"href":"https:\/\/sodadetour.com\/fr\/wp-json\/wp\/v2\/media?parent=6719"}],"wp:term":[{"taxonomy":"product_brand","embeddable":true,"href":"https:\/\/sodadetour.com\/fr\/wp-json\/wp\/v2\/product_brand?post=6719"},{"taxonomy":"product_cat","embeddable":true,"href":"https:\/\/sodadetour.com\/fr\/wp-json\/wp\/v2\/product_cat?post=6719"},{"taxonomy":"product_tag","embeddable":true,"href":"https:\/\/sodadetour.com\/fr\/wp-json\/wp\/v2\/product_tag?post=6719"}],"curies":[{"name":"wp","href":"https:\/\/api.w.org\/{rel}","templated":true}]}}