{"id":6798,"date":"2026-01-23T15:03:37","date_gmt":"2026-01-23T16:03:37","guid":{"rendered":"https:\/\/sodadetour.com\/product\/sal-island-private-boat-trip\/"},"modified":"2026-02-02T01:23:51","modified_gmt":"2026-02-02T02:23:51","slug":"excursion-privada-en-barco-a-la-isla-de-sal","status":"publish","type":"product","link":"https:\/\/sodadetour.com\/es\/product\/excursion-privada-en-barco-a-la-isla-de-sal\/","title":{"rendered":"Isla de Sal: excursi\u00f3n en barco privado"},"content":{"rendered":"<p>Un paseo en velero privado por la magn\u00edfica costa de Santa Mar\u00eda en la isla de Sal. Un velero muy espacioso y confortable en el que lo pasar\u00e1s en grande, siempre en compa\u00f1\u00eda de una animada tripulaci\u00f3n.<\/p>","protected":false},"excerpt":{"rendered":"<p>Take part in a special experience course in Santa Maria to learn how to make authentic sushi from a sushi chef under professional guidance. Learn everything from fish preparation and cutting techniques to the art of making sushi, dressed in traditional chef&#8217;s attire that makes you feel like a real sushi chef, and at the end of the experience, taste the exceptional flavor of sushi created with your own hands, allowing you to fully appreciate the freshness.<\/p>","protected":false},"featured_media":2928,"template":"","meta":{"_acf_changed":false},"product_brand":[],"product_cat":[74,73,83],"product_tag":[78,77,85],"class_list":{"0":"post-6798","1":"product","2":"type-product","3":"status-publish","4":"has-post-thumbnail","6":"product_cat-day-tour","7":"product_cat-sal","8":"product_cat-water-sports","9":"product_tag-day-tour","10":"product_tag-sal","11":"product_tag-water-sports","12":"wcpa_has_options","14":"first","15":"instock","16":"purchasable","17":"product-type-simple"},"acf":[],"_links":{"self":[{"href":"https:\/\/sodadetour.com\/es\/wp-json\/wp\/v2\/product\/6798","targetHints":{"allow":["GET"]}}],"collection":[{"href":"https:\/\/sodadetour.com\/es\/wp-json\/wp\/v2\/product"}],"about":[{"href":"https:\/\/sodadetour.com\/es\/wp-json\/wp\/v2\/types\/product"}],"wp:featuredmedia":[{"embeddable":true,"href":"https:\/\/sodadetour.com\/es\/wp-json\/wp\/v2\/media\/2928"}],"wp:attachment":[{"href":"https:\/\/sodadetour.com\/es\/wp-json\/wp\/v2\/media?parent=6798"}],"wp:term":[{"taxonomy":"product_brand","embeddable":true,"href":"https:\/\/sodadetour.com\/es\/wp-json\/wp\/v2\/product_brand?post=6798"},{"taxonomy":"product_cat","embeddable":true,"href":"https:\/\/sodadetour.com\/es\/wp-json\/wp\/v2\/product_cat?post=6798"},{"taxonomy":"product_tag","embeddable":true,"href":"https:\/\/sodadetour.com\/es\/wp-json\/wp\/v2\/product_tag?post=6798"}],"curies":[{"name":"wp","href":"https:\/\/api.w.org\/{rel}","templated":true}]}}