{"id":6796,"date":"2026-01-20T09:21:21","date_gmt":"2026-01-20T10:21:21","guid":{"rendered":"https:\/\/sodadetour.com\/product\/sal-island-revision-diving-course-with-2-guided-dives\/"},"modified":"2026-02-02T01:23:51","modified_gmt":"2026-02-02T02:23:51","slug":"curso-de-buceo-de-repaso-en-isla-sal-con-2-inmersiones-guiadas","status":"publish","type":"product","link":"https:\/\/sodadetour.com\/es\/product\/curso-de-buceo-de-repaso-en-isla-sal-con-2-inmersiones-guiadas\/","title":{"rendered":"Isla de Sal: Curso de Buceo de Repaso con 2 Inmersiones Guiadas"},"content":{"rendered":"<p>\u00danase a una clase de refresco de buceo para buceadores certificados en Santa Mar\u00eda con equipo incluido. Disfrute de una forma eficaz de refrescar sus conocimientos de buceo con pr\u00e1cticas en el agua y dos inmersiones guiadas en aguas abiertas.<\/p>","protected":false},"excerpt":{"rendered":"<p>Combine the cultural exploration of Espargos with the thrilling experience of swimming with lemon sharks on this comprehensive tour. After discovering the artistic expressions and daily life in Espargos, head to Shark Bay on the east coast of Sal, where you&#8217;ll enter the water with an experienced guide who will teach you all about these incredible species and lead you step by step to observe their fins cutting through the surface of the water up close.<\/p>","protected":false},"featured_media":2856,"template":"","meta":{"_acf_changed":false},"product_brand":[],"product_cat":[74,73,83],"product_tag":[78,77,85],"class_list":{"0":"post-6796","1":"product","2":"type-product","3":"status-publish","4":"has-post-thumbnail","6":"product_cat-day-tour","7":"product_cat-sal","8":"product_cat-water-sports","9":"product_tag-day-tour","10":"product_tag-sal","11":"product_tag-water-sports","12":"wcpa_has_options","14":"first","15":"instock","16":"purchasable","17":"product-type-simple"},"acf":[],"_links":{"self":[{"href":"https:\/\/sodadetour.com\/es\/wp-json\/wp\/v2\/product\/6796","targetHints":{"allow":["GET"]}}],"collection":[{"href":"https:\/\/sodadetour.com\/es\/wp-json\/wp\/v2\/product"}],"about":[{"href":"https:\/\/sodadetour.com\/es\/wp-json\/wp\/v2\/types\/product"}],"wp:featuredmedia":[{"embeddable":true,"href":"https:\/\/sodadetour.com\/es\/wp-json\/wp\/v2\/media\/2856"}],"wp:attachment":[{"href":"https:\/\/sodadetour.com\/es\/wp-json\/wp\/v2\/media?parent=6796"}],"wp:term":[{"taxonomy":"product_brand","embeddable":true,"href":"https:\/\/sodadetour.com\/es\/wp-json\/wp\/v2\/product_brand?post=6796"},{"taxonomy":"product_cat","embeddable":true,"href":"https:\/\/sodadetour.com\/es\/wp-json\/wp\/v2\/product_cat?post=6796"},{"taxonomy":"product_tag","embeddable":true,"href":"https:\/\/sodadetour.com\/es\/wp-json\/wp\/v2\/product_tag?post=6796"}],"curies":[{"name":"wp","href":"https:\/\/api.w.org\/{rel}","templated":true}]}}