{"id":6780,"date":"2026-01-21T05:19:48","date_gmt":"2026-01-21T06:19:48","guid":{"rendered":"https:\/\/sodadetour.com\/product\/sal-islandwater-skiing\/"},"modified":"2026-02-02T01:23:47","modified_gmt":"2026-02-02T02:23:47","slug":"sal-islandwater-skiing","status":"publish","type":"product","link":"https:\/\/sodadetour.com\/es\/product\/sal-islandwater-skiing\/","title":{"rendered":"Isla Sal:Esqu\u00ed acu\u00e1tico"},"content":{"rendered":"<p>Experimente la emoci\u00f3n del esqu\u00ed acu\u00e1tico en Santa Mar\u00eda, en la isla de Sal, en una excursi\u00f3n apta para todos los niveles. Desl\u00edcese por la bah\u00eda con el apoyo y la gu\u00eda de sus instructores y cree divertidos recuerdos para toda la vida.<\/p>","protected":false},"excerpt":{"rendered":"<p>Experience breathtaking views on both sides of this mountain route that starts in the centre of Juncalinho and continues to Tope Sim\u00e3o. The route continues along the mountain line, arriving at Tope de Chuva and descending again to Juncalinho, where on this descent, the union of mountain and sea, the colourful houses, and the numerous small volcanoes that line the coast are clearly marked in the landscape, creating a memorable hiking experience.<\/p>","protected":false},"featured_media":3277,"template":"","meta":{"_acf_changed":false},"product_brand":[],"product_cat":[75,74,73,83],"product_tag":[79,78,77,85],"class_list":{"0":"post-6780","1":"product","2":"type-product","3":"status-publish","4":"has-post-thumbnail","6":"product_cat-adventure","7":"product_cat-day-tour","8":"product_cat-sal","9":"product_cat-water-sports","10":"product_tag-adventure","11":"product_tag-day-tour","12":"product_tag-sal","13":"product_tag-water-sports","14":"wcpa_has_options","16":"first","17":"instock","18":"purchasable","19":"product-type-simple"},"acf":[],"_links":{"self":[{"href":"https:\/\/sodadetour.com\/es\/wp-json\/wp\/v2\/product\/6780","targetHints":{"allow":["GET"]}}],"collection":[{"href":"https:\/\/sodadetour.com\/es\/wp-json\/wp\/v2\/product"}],"about":[{"href":"https:\/\/sodadetour.com\/es\/wp-json\/wp\/v2\/types\/product"}],"wp:featuredmedia":[{"embeddable":true,"href":"https:\/\/sodadetour.com\/es\/wp-json\/wp\/v2\/media\/3277"}],"wp:attachment":[{"href":"https:\/\/sodadetour.com\/es\/wp-json\/wp\/v2\/media?parent=6780"}],"wp:term":[{"taxonomy":"product_brand","embeddable":true,"href":"https:\/\/sodadetour.com\/es\/wp-json\/wp\/v2\/product_brand?post=6780"},{"taxonomy":"product_cat","embeddable":true,"href":"https:\/\/sodadetour.com\/es\/wp-json\/wp\/v2\/product_cat?post=6780"},{"taxonomy":"product_tag","embeddable":true,"href":"https:\/\/sodadetour.com\/es\/wp-json\/wp\/v2\/product_tag?post=6780"}],"curies":[{"name":"wp","href":"https:\/\/api.w.org\/{rel}","templated":true}]}}