{"id":6775,"date":"2026-01-15T11:27:12","date_gmt":"2026-01-15T12:27:12","guid":{"rendered":"https:\/\/sodadetour.com\/product\/santo-santo-antao-walking-caibros-to-cruzinha\/"},"modified":"2026-02-02T01:23:45","modified_gmt":"2026-02-02T02:23:45","slug":"santo-antao-caminando-de-caibros-a-cruzinha","status":"publish","type":"product","link":"https:\/\/sodadetour.com\/es\/product\/santo-antao-caminando-de-caibros-a-cruzinha\/","title":{"rendered":"Santo Santo Antao: caminando de Caibros a Cruzinha"},"content":{"rendered":"<p>Se trata de una ruta entre Boca de Ambas-as-Ribeiras, en Ribeira Grande, y Ch\u00e3 de Igreja, que requiere un buen esfuerzo por parte de quien camina cuesta arriba debido a las largas y empinadas cuestas (si lo desea, puede coger un coche aqu\u00ed para volver a la ciudad). En cualquier caso, siempre pasar\u00e1 por el pueblo de Mocho y admirar\u00e1 unos paisajes fascinantes.<\/p>","protected":false},"excerpt":{"rendered":"<p>Feel the ultimate adrenaline rush on this thrilling jet-boat ride across Santa Maria Bay, where the fast boat takes you on a high-speed adventure, stopping suddenly to create big splashes. This exciting activity combines the thrill of speed with refreshing splashes of water, creating an experience full of action and fun that will leave you with unforgettable memories of your time in Cape Verde.<\/p>","protected":false},"featured_media":3433,"template":"","meta":{"_acf_changed":false},"product_brand":[],"product_cat":[75,74,91,93],"product_tag":[79,78,92,94],"class_list":{"0":"post-6775","1":"product","2":"type-product","3":"status-publish","4":"has-post-thumbnail","6":"product_cat-adventure","7":"product_cat-day-tour","8":"product_cat-hiking","9":"product_cat-santo-antao","10":"product_tag-adventure","11":"product_tag-day-tour","12":"product_tag-hiking","13":"product_tag-santo-antao","14":"wcpa_has_options","16":"first","17":"instock","18":"purchasable","19":"product-type-simple"},"acf":[],"_links":{"self":[{"href":"https:\/\/sodadetour.com\/es\/wp-json\/wp\/v2\/product\/6775","targetHints":{"allow":["GET"]}}],"collection":[{"href":"https:\/\/sodadetour.com\/es\/wp-json\/wp\/v2\/product"}],"about":[{"href":"https:\/\/sodadetour.com\/es\/wp-json\/wp\/v2\/types\/product"}],"wp:featuredmedia":[{"embeddable":true,"href":"https:\/\/sodadetour.com\/es\/wp-json\/wp\/v2\/media\/3433"}],"wp:attachment":[{"href":"https:\/\/sodadetour.com\/es\/wp-json\/wp\/v2\/media?parent=6775"}],"wp:term":[{"taxonomy":"product_brand","embeddable":true,"href":"https:\/\/sodadetour.com\/es\/wp-json\/wp\/v2\/product_brand?post=6775"},{"taxonomy":"product_cat","embeddable":true,"href":"https:\/\/sodadetour.com\/es\/wp-json\/wp\/v2\/product_cat?post=6775"},{"taxonomy":"product_tag","embeddable":true,"href":"https:\/\/sodadetour.com\/es\/wp-json\/wp\/v2\/product_tag?post=6775"}],"curies":[{"name":"wp","href":"https:\/\/api.w.org\/{rel}","templated":true}]}}