{"id":6770,"date":"2026-01-29T10:56:16","date_gmt":"2026-01-29T11:56:16","guid":{"rendered":"https:\/\/sodadetour.com\/product\/boavista-islanddesert-north-safari\/"},"modified":"2026-02-02T01:23:44","modified_gmt":"2026-02-02T02:23:44","slug":"isla-de-boavistadesierto-norte-safari","status":"publish","type":"product","link":"https:\/\/sodadetour.com\/es\/product\/isla-de-boavistadesierto-norte-safari\/","title":{"rendered":"Isla de Boavista:Safari por el desierto y el norte"},"content":{"rendered":"<p>Emb\u00e1rcate en un viaje fascinante por la belleza ind\u00f3mita y salvaje de la isla de Boavista en Cabo Verde con un Jeep<br \/>\nSafari Tour que despertar\u00e1 su esp\u00edritu aventurero y le dejar\u00e1 sin aliento con sus ex\u00f3ticas maravillas.<\/p>","protected":false},"excerpt":{"rendered":"<p>Immerse yourself in the rich history and culture of Boa Vista on this guided tour that takes you from the Museu dos Naufragos, which tells the story of over 300 shipwrecks around the island, to the Sodade, Casa da Cultura. Visit the Museum of Culture, taste local products like homemade goat cheese, marmalade, hibiscus juice, and local rum, and finally explore the Barracas (Slums) of Sal Rei to see firsthand the social differences on the islands.<\/p>","protected":false},"featured_media":2802,"template":"","meta":{"_acf_changed":false},"product_brand":[],"product_cat":[75,103,74],"product_tag":[79,104,78],"class_list":{"0":"post-6770","1":"product","2":"type-product","3":"status-publish","4":"has-post-thumbnail","6":"product_cat-adventure","7":"product_cat-boa-vista","8":"product_cat-day-tour","9":"product_tag-adventure","10":"product_tag-boa-vista","11":"product_tag-day-tour","12":"wcpa_has_options","14":"first","15":"instock","16":"purchasable","17":"product-type-simple"},"acf":[],"_links":{"self":[{"href":"https:\/\/sodadetour.com\/es\/wp-json\/wp\/v2\/product\/6770","targetHints":{"allow":["GET"]}}],"collection":[{"href":"https:\/\/sodadetour.com\/es\/wp-json\/wp\/v2\/product"}],"about":[{"href":"https:\/\/sodadetour.com\/es\/wp-json\/wp\/v2\/types\/product"}],"wp:featuredmedia":[{"embeddable":true,"href":"https:\/\/sodadetour.com\/es\/wp-json\/wp\/v2\/media\/2802"}],"wp:attachment":[{"href":"https:\/\/sodadetour.com\/es\/wp-json\/wp\/v2\/media?parent=6770"}],"wp:term":[{"taxonomy":"product_brand","embeddable":true,"href":"https:\/\/sodadetour.com\/es\/wp-json\/wp\/v2\/product_brand?post=6770"},{"taxonomy":"product_cat","embeddable":true,"href":"https:\/\/sodadetour.com\/es\/wp-json\/wp\/v2\/product_cat?post=6770"},{"taxonomy":"product_tag","embeddable":true,"href":"https:\/\/sodadetour.com\/es\/wp-json\/wp\/v2\/product_tag?post=6770"}],"curies":[{"name":"wp","href":"https:\/\/api.w.org\/{rel}","templated":true}]}}