{"id":6766,"date":"2026-01-16T13:27:47","date_gmt":"2026-01-16T14:27:47","guid":{"rendered":"https:\/\/sodadetour.com\/product\/boa-vista-turtle-watching-and-nighttime-nesting-tour\/"},"modified":"2026-02-02T01:23:44","modified_gmt":"2026-02-02T02:23:44","slug":"observacion-de-tortugas-boa-vista-y-ruta-nocturna-de-anidamiento","status":"publish","type":"product","link":"https:\/\/sodadetour.com\/es\/product\/observacion-de-tortugas-boa-vista-y-ruta-nocturna-de-anidamiento\/","title":{"rendered":"Boa Vista: Excursi\u00f3n de observaci\u00f3n de tortugas y anidamiento nocturno"},"content":{"rendered":"<p>Pase una noche \u00fanica en la isla de Boavista observando a las tortugas bobas durante la temporada de anidamiento. Vea c\u00f3mo las tortugas preparan sus nidos y ponen huevos en la playa y apoye su conservaci\u00f3n.<\/p>","protected":false},"excerpt":{"rendered":"<p>Indulge in an unforgettable evening of wine tasting and tapas on this rooftop tour that combines stunning sunset views with exquisite Cape Verdean flavors. Begin at the charming Sodade Memory House, housed in a beautifully preserved colonial home, then head to Churrasqueira, a rooftop restaurant along the stunning coastline of Praia do Estoril, where you&#8217;ll be treated to a range of local wines paired with a sumptuous tapas board piled high with cheeses, ham, and olives.<\/p>","protected":false},"featured_media":2795,"template":"","meta":{"_acf_changed":false},"product_brand":[],"product_cat":[103,74,81],"product_tag":[104,78,82],"class_list":{"0":"post-6766","1":"product","2":"type-product","3":"status-publish","4":"has-post-thumbnail","6":"product_cat-boa-vista","7":"product_cat-day-tour","8":"product_cat-wildlife","9":"product_tag-boa-vista","10":"product_tag-day-tour","11":"product_tag-wildlife","12":"wcpa_has_options","14":"first","15":"instock","16":"purchasable","17":"product-type-simple"},"acf":[],"_links":{"self":[{"href":"https:\/\/sodadetour.com\/es\/wp-json\/wp\/v2\/product\/6766","targetHints":{"allow":["GET"]}}],"collection":[{"href":"https:\/\/sodadetour.com\/es\/wp-json\/wp\/v2\/product"}],"about":[{"href":"https:\/\/sodadetour.com\/es\/wp-json\/wp\/v2\/types\/product"}],"wp:featuredmedia":[{"embeddable":true,"href":"https:\/\/sodadetour.com\/es\/wp-json\/wp\/v2\/media\/2795"}],"wp:attachment":[{"href":"https:\/\/sodadetour.com\/es\/wp-json\/wp\/v2\/media?parent=6766"}],"wp:term":[{"taxonomy":"product_brand","embeddable":true,"href":"https:\/\/sodadetour.com\/es\/wp-json\/wp\/v2\/product_brand?post=6766"},{"taxonomy":"product_cat","embeddable":true,"href":"https:\/\/sodadetour.com\/es\/wp-json\/wp\/v2\/product_cat?post=6766"},{"taxonomy":"product_tag","embeddable":true,"href":"https:\/\/sodadetour.com\/es\/wp-json\/wp\/v2\/product_tag?post=6766"}],"curies":[{"name":"wp","href":"https:\/\/api.w.org\/{rel}","templated":true}]}}