{"id":6761,"date":"2026-01-20T19:34:27","date_gmt":"2026-01-20T20:34:27","guid":{"rendered":"https:\/\/sodadetour.com\/product\/sal-island-electric-spinach-car-hire-for-half-day\/"},"modified":"2026-02-02T01:23:43","modified_gmt":"2026-02-02T02:23:43","slug":"alquiler-de-coches-electricos-spinach-para-medio-dia-en-la-isla-de-sal","status":"publish","type":"product","link":"https:\/\/sodadetour.com\/es\/product\/alquiler-de-coches-electricos-spinach-para-medio-dia-en-la-isla-de-sal\/","title":{"rendered":"Isla de Sal: Alquiler de coche spinach el\u00e9ctrico para medio d\u00eda"},"content":{"rendered":"<p>Alquile una Spinach durante medio d\u00eda (4 horas o 60 km) para visitar los lugares que desee y parar tantas veces como quiera mientras explora Santa Mar\u00eda.<\/p>","protected":false},"excerpt":{"rendered":"<p>Witness one of nature&#8217;s most spectacular events on this half-day whale watching tour to the waters around Boa Vista, where impressive humpback whales gather from March to May to mate or give birth. Board a yacht with an experienced crew of over 12 years&#8217; whale-watching trips, receive a detailed briefing about these majestic creatures, and with patience and luck, spot them performing dazzling natural acrobatic shows in their natural habitat.<\/p>","protected":false},"featured_media":2786,"template":"","meta":{"_acf_changed":false},"product_brand":[],"product_cat":[75,74,73],"product_tag":[79,78,77],"class_list":{"0":"post-6761","1":"product","2":"type-product","3":"status-publish","4":"has-post-thumbnail","6":"product_cat-adventure","7":"product_cat-day-tour","8":"product_cat-sal","9":"product_tag-adventure","10":"product_tag-day-tour","11":"product_tag-sal","12":"wcpa_has_options","14":"first","15":"instock","16":"purchasable","17":"product-type-simple"},"acf":[],"_links":{"self":[{"href":"https:\/\/sodadetour.com\/es\/wp-json\/wp\/v2\/product\/6761","targetHints":{"allow":["GET"]}}],"collection":[{"href":"https:\/\/sodadetour.com\/es\/wp-json\/wp\/v2\/product"}],"about":[{"href":"https:\/\/sodadetour.com\/es\/wp-json\/wp\/v2\/types\/product"}],"wp:featuredmedia":[{"embeddable":true,"href":"https:\/\/sodadetour.com\/es\/wp-json\/wp\/v2\/media\/2786"}],"wp:attachment":[{"href":"https:\/\/sodadetour.com\/es\/wp-json\/wp\/v2\/media?parent=6761"}],"wp:term":[{"taxonomy":"product_brand","embeddable":true,"href":"https:\/\/sodadetour.com\/es\/wp-json\/wp\/v2\/product_brand?post=6761"},{"taxonomy":"product_cat","embeddable":true,"href":"https:\/\/sodadetour.com\/es\/wp-json\/wp\/v2\/product_cat?post=6761"},{"taxonomy":"product_tag","embeddable":true,"href":"https:\/\/sodadetour.com\/es\/wp-json\/wp\/v2\/product_tag?post=6761"}],"curies":[{"name":"wp","href":"https:\/\/api.w.org\/{rel}","templated":true}]}}