{"id":6756,"date":"2026-01-27T07:35:13","date_gmt":"2026-01-27T08:35:13","guid":{"rendered":"https:\/\/sodadetour.com\/product\/sal-island-kitesurf-lesson\/"},"modified":"2026-02-02T01:23:42","modified_gmt":"2026-02-02T02:23:42","slug":"clase-de-kitesurf-en-la-isla-de-sal","status":"publish","type":"product","link":"https:\/\/sodadetour.com\/es\/product\/clase-de-kitesurf-en-la-isla-de-sal\/","title":{"rendered":"Isla de Sal: Clase de kitesurf"},"content":{"rendered":"<p>Pruebe el kitesurf en las hermosas playas de Sal (Cabo Verde). Aprende las t\u00e9cnicas b\u00e1sicas con un instructor, m\u00e9tete en el agua y disfruta del famoso viento de Cabo Verde.<\/p>","protected":false},"excerpt":{"rendered":"<p>Feel the adrenaline rush on this thrilling jet-boat ride across Santa Maria Bay, where the fast boat takes you on a high-speed adventure, stopping suddenly to create big splashes. This exciting activity combines the thrill of speed with refreshing splashes of water, creating an experience full of action and fun that will leave you with unforgettable memories of your time in Cape Verde.<\/p>","protected":false},"featured_media":2774,"template":"","meta":{"_acf_changed":false},"product_brand":[],"product_cat":[75,74,73,83],"product_tag":[79,78,77,85],"class_list":{"0":"post-6756","1":"product","2":"type-product","3":"status-publish","4":"has-post-thumbnail","6":"product_cat-adventure","7":"product_cat-day-tour","8":"product_cat-sal","9":"product_cat-water-sports","10":"product_tag-adventure","11":"product_tag-day-tour","12":"product_tag-sal","13":"product_tag-water-sports","14":"wcpa_has_options","16":"first","17":"instock","18":"purchasable","19":"product-type-simple"},"acf":[],"_links":{"self":[{"href":"https:\/\/sodadetour.com\/es\/wp-json\/wp\/v2\/product\/6756","targetHints":{"allow":["GET"]}}],"collection":[{"href":"https:\/\/sodadetour.com\/es\/wp-json\/wp\/v2\/product"}],"about":[{"href":"https:\/\/sodadetour.com\/es\/wp-json\/wp\/v2\/types\/product"}],"wp:featuredmedia":[{"embeddable":true,"href":"https:\/\/sodadetour.com\/es\/wp-json\/wp\/v2\/media\/2774"}],"wp:attachment":[{"href":"https:\/\/sodadetour.com\/es\/wp-json\/wp\/v2\/media?parent=6756"}],"wp:term":[{"taxonomy":"product_brand","embeddable":true,"href":"https:\/\/sodadetour.com\/es\/wp-json\/wp\/v2\/product_brand?post=6756"},{"taxonomy":"product_cat","embeddable":true,"href":"https:\/\/sodadetour.com\/es\/wp-json\/wp\/v2\/product_cat?post=6756"},{"taxonomy":"product_tag","embeddable":true,"href":"https:\/\/sodadetour.com\/es\/wp-json\/wp\/v2\/product_tag?post=6756"}],"curies":[{"name":"wp","href":"https:\/\/api.w.org\/{rel}","templated":true}]}}