{"id":6754,"date":"2026-01-28T21:56:23","date_gmt":"2026-01-28T22:56:23","guid":{"rendered":"https:\/\/sodadetour.com\/product\/sal-island-jet-boat-trip-to-watch-the-sunset\/"},"modified":"2026-02-02T01:23:41","modified_gmt":"2026-02-02T02:23:41","slug":"paseo-en-lancha-por-la-isla-de-sal-para-ver-la-puesta-de-sol","status":"publish","type":"product","link":"https:\/\/sodadetour.com\/es\/product\/paseo-en-lancha-por-la-isla-de-sal-para-ver-la-puesta-de-sol\/","title":{"rendered":"Isla de Sal: paseo en lancha para ver la puesta de sol"},"content":{"rendered":"<p>\u00danase a una excursi\u00f3n guiada de un d\u00eda desde su hotel en Santa Mar\u00eda y navegue por la bah\u00eda para contemplar la puesta de sol. D\u00e9 un paseo en lancha motora, rel\u00e1jese y, a veces, vea delfines.<\/p>","protected":false},"excerpt":{"rendered":"<p>Marvel at the spectacular sunset over Santa Maria Bay on this captivating boat tour that combines stunning coastal views with fascinating insights about local marine life. After a safety briefing, cruise to the coast where you&#8217;ll have the best vantage point to watch the sunset, with opportunities to fish and take beautiful photographs while enjoying the magical golden hour over Cape Verde.<\/p>","protected":false},"featured_media":3716,"template":"","meta":{"_acf_changed":false},"product_brand":[],"product_cat":[74,73,83],"product_tag":[78,77,85],"class_list":{"0":"post-6754","1":"product","2":"type-product","3":"status-publish","4":"has-post-thumbnail","6":"product_cat-day-tour","7":"product_cat-sal","8":"product_cat-water-sports","9":"product_tag-day-tour","10":"product_tag-sal","11":"product_tag-water-sports","12":"wcpa_has_options","14":"first","15":"instock","16":"purchasable","17":"product-type-simple"},"acf":[],"_links":{"self":[{"href":"https:\/\/sodadetour.com\/es\/wp-json\/wp\/v2\/product\/6754","targetHints":{"allow":["GET"]}}],"collection":[{"href":"https:\/\/sodadetour.com\/es\/wp-json\/wp\/v2\/product"}],"about":[{"href":"https:\/\/sodadetour.com\/es\/wp-json\/wp\/v2\/types\/product"}],"wp:featuredmedia":[{"embeddable":true,"href":"https:\/\/sodadetour.com\/es\/wp-json\/wp\/v2\/media\/3716"}],"wp:attachment":[{"href":"https:\/\/sodadetour.com\/es\/wp-json\/wp\/v2\/media?parent=6754"}],"wp:term":[{"taxonomy":"product_brand","embeddable":true,"href":"https:\/\/sodadetour.com\/es\/wp-json\/wp\/v2\/product_brand?post=6754"},{"taxonomy":"product_cat","embeddable":true,"href":"https:\/\/sodadetour.com\/es\/wp-json\/wp\/v2\/product_cat?post=6754"},{"taxonomy":"product_tag","embeddable":true,"href":"https:\/\/sodadetour.com\/es\/wp-json\/wp\/v2\/product_tag?post=6754"}],"curies":[{"name":"wp","href":"https:\/\/api.w.org\/{rel}","templated":true}]}}