{"id":6752,"date":"2026-01-24T12:44:32","date_gmt":"2026-01-24T13:44:32","guid":{"rendered":"https:\/\/sodadetour.com\/product\/sal-island-dolphin-watching-on-a-jet-boat\/"},"modified":"2026-02-02T01:23:40","modified_gmt":"2026-02-02T02:23:40","slug":"avistamiento-de-delfines-en-la-isla-de-sal","status":"publish","type":"product","link":"https:\/\/sodadetour.com\/es\/product\/avistamiento-de-delfines-en-la-isla-de-sal\/","title":{"rendered":"Isla de Sal: avistamiento de delfines en lancha motora"},"content":{"rendered":"<p>\u00danase a una excursi\u00f3n guiada de un d\u00eda desde su hotel en Santa Mar\u00eda y navegue por la bah\u00eda para avistar delfines. D\u00e9 un paseo en lancha motora y disfrute del avistamiento de delfines.<\/p>","protected":false},"excerpt":{"rendered":"<p>Discover the magical world beneath the waves on this dolphin watching excursion to Santa Maria Bay. Keep an eye out for wild dolphins as you cruise across the turquoise waters, admire panoramic views of the coastline, and learn interesting facts about local marine life from your guide, who will explain how these animals live in their natural habitat.<\/p>","protected":false},"featured_media":2764,"template":"","meta":{"_acf_changed":false},"product_brand":[],"product_cat":[74,76,73,83,81],"product_tag":[78,80,77,85,82],"class_list":{"0":"post-6752","1":"product","2":"type-product","3":"status-publish","4":"has-post-thumbnail","6":"product_cat-day-tour","7":"product_cat-family","8":"product_cat-sal","9":"product_cat-water-sports","10":"product_cat-wildlife","11":"product_tag-day-tour","12":"product_tag-family","13":"product_tag-sal","14":"product_tag-water-sports","15":"product_tag-wildlife","16":"wcpa_has_options","18":"first","19":"instock","20":"purchasable","21":"product-type-simple"},"acf":[],"_links":{"self":[{"href":"https:\/\/sodadetour.com\/es\/wp-json\/wp\/v2\/product\/6752","targetHints":{"allow":["GET"]}}],"collection":[{"href":"https:\/\/sodadetour.com\/es\/wp-json\/wp\/v2\/product"}],"about":[{"href":"https:\/\/sodadetour.com\/es\/wp-json\/wp\/v2\/types\/product"}],"wp:featuredmedia":[{"embeddable":true,"href":"https:\/\/sodadetour.com\/es\/wp-json\/wp\/v2\/media\/2764"}],"wp:attachment":[{"href":"https:\/\/sodadetour.com\/es\/wp-json\/wp\/v2\/media?parent=6752"}],"wp:term":[{"taxonomy":"product_brand","embeddable":true,"href":"https:\/\/sodadetour.com\/es\/wp-json\/wp\/v2\/product_brand?post=6752"},{"taxonomy":"product_cat","embeddable":true,"href":"https:\/\/sodadetour.com\/es\/wp-json\/wp\/v2\/product_cat?post=6752"},{"taxonomy":"product_tag","embeddable":true,"href":"https:\/\/sodadetour.com\/es\/wp-json\/wp\/v2\/product_tag?post=6752"}],"curies":[{"name":"wp","href":"https:\/\/api.w.org\/{rel}","templated":true}]}}