{"id":6750,"date":"2026-01-28T08:51:06","date_gmt":"2026-01-28T09:51:06","guid":{"rendered":"https:\/\/sodadetour.com\/product\/fogo-island-historical-center-and-market-walking-tour\/"},"modified":"2026-02-02T01:23:40","modified_gmt":"2026-02-02T02:23:40","slug":"fogo-island-historical-center-and-market-walking-tour","status":"publish","type":"product","link":"https:\/\/sodadetour.com\/es\/product\/fogo-island-historical-center-and-market-walking-tour\/","title":{"rendered":"Isla Fogo: Paseo por el Centro Hist\u00f3rico y el Mercado"},"content":{"rendered":"<p>Experimente la hospitalidad caboverdiana en esta visita guiada a pie por S\u00e3o Filipe. Explore el centro hist\u00f3rico, su Museo Municipal y visite un mercado local donde podr\u00e1 regatear con los lugare\u00f1os.<\/p>","protected":false},"excerpt":{"rendered":"<p>Discover the charming colonial architecture and rich history of S\u00e3o Filipe on this guided walking tour through the city&#8217;s colorful streets. Visit the Municipal Museum to learn about the town and island of Fogo, explore the main square, and finish at the local market where you can mingle with residents and admire the vibrant colors of fresh fruits and vegetables.<\/p>","protected":false},"featured_media":3742,"template":"","meta":{"_acf_changed":false},"product_brand":[],"product_cat":[88,74,101],"product_tag":[90,78,102],"class_list":{"0":"post-6750","1":"product","2":"type-product","3":"status-publish","4":"has-post-thumbnail","6":"product_cat-cultural","7":"product_cat-day-tour","8":"product_cat-fogo","9":"product_tag-cultural","10":"product_tag-day-tour","11":"product_tag-fogo","12":"wcpa_has_options","14":"first","15":"instock","16":"purchasable","17":"product-type-simple"},"acf":[],"_links":{"self":[{"href":"https:\/\/sodadetour.com\/es\/wp-json\/wp\/v2\/product\/6750","targetHints":{"allow":["GET"]}}],"collection":[{"href":"https:\/\/sodadetour.com\/es\/wp-json\/wp\/v2\/product"}],"about":[{"href":"https:\/\/sodadetour.com\/es\/wp-json\/wp\/v2\/types\/product"}],"wp:featuredmedia":[{"embeddable":true,"href":"https:\/\/sodadetour.com\/es\/wp-json\/wp\/v2\/media\/3742"}],"wp:attachment":[{"href":"https:\/\/sodadetour.com\/es\/wp-json\/wp\/v2\/media?parent=6750"}],"wp:term":[{"taxonomy":"product_brand","embeddable":true,"href":"https:\/\/sodadetour.com\/es\/wp-json\/wp\/v2\/product_brand?post=6750"},{"taxonomy":"product_cat","embeddable":true,"href":"https:\/\/sodadetour.com\/es\/wp-json\/wp\/v2\/product_cat?post=6750"},{"taxonomy":"product_tag","embeddable":true,"href":"https:\/\/sodadetour.com\/es\/wp-json\/wp\/v2\/product_tag?post=6750"}],"curies":[{"name":"wp","href":"https:\/\/api.w.org\/{rel}","templated":true}]}}