{"id":6748,"date":"2026-01-24T19:25:34","date_gmt":"2026-01-24T20:25:34","guid":{"rendered":"https:\/\/sodadetour.com\/product\/sao-vicente-island-sport-fishing-full-day\/"},"modified":"2026-02-20T22:51:54","modified_gmt":"2026-02-20T23:51:54","slug":"pesca-deportiva-en-la-isla-de-sao-vicente","status":"publish","type":"product","link":"https:\/\/sodadetour.com\/es\/product\/pesca-deportiva-en-la-isla-de-sao-vicente\/","title":{"rendered":"Sao Vicente isla: pesca deportiva D\u00eda completo"},"content":{"rendered":"<p>Cuando llegue a Mindelo, Cabo Verde, estar\u00e1 a punto de iniciar una aventura de pesca en las zonas m\u00e1s ricas del Atl\u00e1ntico. \u00bfY sabes qu\u00e9? \u00a1Ya tienes un amigo esper\u00e1ndote! Es tu capit\u00e1n, un tipo experimentado que conoce muy bien estas aguas y te llevar\u00e1 a los lugares donde es m\u00e1s f\u00e1cil encontrar peces.<\/p>","protected":false},"excerpt":{"rendered":"<p>Experience the thrill of deep-sea sport fishing aboard a 36-foot Bertram convertible sport fishing boat equipped with everything you need for an exciting adventure. Target impressive species like blue marlin, white marlin, mahi mahi, and yellowfin tuna using various fishing techniques, with all equipment, snacks, drinks, lunch, and fishing licenses provided by our experienced crew.<\/p>","protected":false},"featured_media":3166,"template":"","meta":{"_acf_changed":false},"product_brand":[],"product_cat":[74,84,128,95,83],"product_tag":[78,86,96,85],"class_list":{"0":"post-6748","1":"product","2":"type-product","3":"status-publish","4":"has-post-thumbnail","6":"product_cat-day-tour","7":"product_cat-fishing","8":"product_cat-full-day-tours","9":"product_cat-sao-vicente","10":"product_cat-water-sports","11":"product_tag-day-tour","12":"product_tag-fishing","13":"product_tag-sao-vicente","14":"product_tag-water-sports","15":"wcpa_has_options","17":"first","18":"instock","19":"product-type-simple"},"acf":[],"_links":{"self":[{"href":"https:\/\/sodadetour.com\/es\/wp-json\/wp\/v2\/product\/6748","targetHints":{"allow":["GET"]}}],"collection":[{"href":"https:\/\/sodadetour.com\/es\/wp-json\/wp\/v2\/product"}],"about":[{"href":"https:\/\/sodadetour.com\/es\/wp-json\/wp\/v2\/types\/product"}],"wp:featuredmedia":[{"embeddable":true,"href":"https:\/\/sodadetour.com\/es\/wp-json\/wp\/v2\/media\/3166"}],"wp:attachment":[{"href":"https:\/\/sodadetour.com\/es\/wp-json\/wp\/v2\/media?parent=6748"}],"wp:term":[{"taxonomy":"product_brand","embeddable":true,"href":"https:\/\/sodadetour.com\/es\/wp-json\/wp\/v2\/product_brand?post=6748"},{"taxonomy":"product_cat","embeddable":true,"href":"https:\/\/sodadetour.com\/es\/wp-json\/wp\/v2\/product_cat?post=6748"},{"taxonomy":"product_tag","embeddable":true,"href":"https:\/\/sodadetour.com\/es\/wp-json\/wp\/v2\/product_tag?post=6748"}],"curies":[{"name":"wp","href":"https:\/\/api.w.org\/{rel}","templated":true}]}}