{"id":6744,"date":"2026-01-29T03:14:16","date_gmt":"2026-01-29T04:14:16","guid":{"rendered":"https:\/\/sodadetour.com\/product\/sao-nicolau-island-hike-to-the-top-of-the-mountain\/"},"modified":"2026-02-02T01:23:39","modified_gmt":"2026-02-02T02:23:39","slug":"sao-nicolau-island-hike-to-the-top-of-the-mountain","status":"publish","type":"product","link":"https:\/\/sodadetour.com\/es\/product\/sao-nicolau-island-hike-to-the-top-of-the-mountain\/","title":{"rendered":"Isla de Sao Nicolau: excursi\u00f3n a la cima de la monta\u00f1a"},"content":{"rendered":"<p>Explore el parque natural de Monte Gordo, el punto m\u00e1s alto de la isla que a\u00fan conserva la mayor zona verde de la isla, plantas end\u00e9micas y disfrute de las vistas m\u00e1s hermosas desde la cima.<\/p>","protected":false},"excerpt":{"rendered":"<p>Challenge yourself on what many consider the best hike on S\u00e3o Nicolau, a rewarding journey to the top of Monte Gordo, the island&#8217;s highest point. This 6-hour trek through diverse landscapes offers some of the most spectacular views on the island, from drier areas to greener regions and rockier terrain, culminating in an unparalleled panorama that makes every step worthwhile.<\/p>","protected":false},"featured_media":3377,"template":"","meta":{"_acf_changed":false},"product_brand":[],"product_cat":[75,74,91,99],"product_tag":[79,78,92,100],"class_list":{"0":"post-6744","1":"product","2":"type-product","3":"status-publish","4":"has-post-thumbnail","6":"product_cat-adventure","7":"product_cat-day-tour","8":"product_cat-hiking","9":"product_cat-sao-nicolau","10":"product_tag-adventure","11":"product_tag-day-tour","12":"product_tag-hiking","13":"product_tag-sao-nicolau","14":"wcpa_has_options","16":"first","17":"instock","18":"purchasable","19":"product-type-simple"},"acf":[],"_links":{"self":[{"href":"https:\/\/sodadetour.com\/es\/wp-json\/wp\/v2\/product\/6744","targetHints":{"allow":["GET"]}}],"collection":[{"href":"https:\/\/sodadetour.com\/es\/wp-json\/wp\/v2\/product"}],"about":[{"href":"https:\/\/sodadetour.com\/es\/wp-json\/wp\/v2\/types\/product"}],"wp:featuredmedia":[{"embeddable":true,"href":"https:\/\/sodadetour.com\/es\/wp-json\/wp\/v2\/media\/3377"}],"wp:attachment":[{"href":"https:\/\/sodadetour.com\/es\/wp-json\/wp\/v2\/media?parent=6744"}],"wp:term":[{"taxonomy":"product_brand","embeddable":true,"href":"https:\/\/sodadetour.com\/es\/wp-json\/wp\/v2\/product_brand?post=6744"},{"taxonomy":"product_cat","embeddable":true,"href":"https:\/\/sodadetour.com\/es\/wp-json\/wp\/v2\/product_cat?post=6744"},{"taxonomy":"product_tag","embeddable":true,"href":"https:\/\/sodadetour.com\/es\/wp-json\/wp\/v2\/product_tag?post=6744"}],"curies":[{"name":"wp","href":"https:\/\/api.w.org\/{rel}","templated":true}]}}