{"id":6743,"date":"2026-01-17T15:13:21","date_gmt":"2026-01-17T16:13:21","guid":{"rendered":"https:\/\/sodadetour.com\/product\/santo-antao-island-discovering-the-classic-trails-3-4-days\/"},"modified":"2026-02-02T01:23:39","modified_gmt":"2026-02-02T02:23:39","slug":"isla-de-santo-antao-descubriendo-los-senderos-clasicos-3-4-dias","status":"publish","type":"product","link":"https:\/\/sodadetour.com\/es\/product\/isla-de-santo-antao-descubriendo-los-senderos-clasicos-3-4-dias\/","title":{"rendered":"Isla de Santo Antao: descubrir los senderos cl\u00e1sicos"},"content":{"rendered":"<p>Disfrute de un magn\u00edfico paseo por los puntos m\u00e1s emblem\u00e1ticos de la isla de Santo Antao, la isla peatonal por excelencia del archipi\u00e9lago. Desde las verdes laderas en terrazas de la costa noreste hasta los remotos y minerales valles de la costa oeste, este exclusivo recorrido es una aut\u00e9ntica inmersi\u00f3n en la naturaleza y la cultura caboverdianas. Cada noche, encontrar\u00e1 el calor de sus anfitriones para un merecido descanso. Desde los paseos m\u00e1s emblem\u00e1ticos hasta las caminatas m\u00e1s \u00edntimas, recorrer\u00e1 rutas llenas de contrastes, a trav\u00e9s de paisajes grandiosos con picos escarpados.<\/p>","protected":false},"excerpt":{"rendered":"<p>Discover the best of Cape Verde&#8217;s hiking trails on this 4-day adventure that takes you through the dramatic landscapes of Santo Ant\u00e3o. From the lush Paul Valley to the spectacular coastal path from Ponta do Sol to Cruzinha, with its colorful villages and breathtaking ocean views, this journey offers an immersive experience in nature and Cape Verdean culture, ending with a memorable turtle watching tour in S\u00e3o Pedro.<\/p>","protected":false},"featured_media":455,"template":"","meta":{"_acf_changed":false},"product_brand":[],"product_cat":[75,88,91,97,93],"product_tag":[79,90,92,98,94],"class_list":{"0":"post-6743","1":"product","2":"type-product","3":"status-publish","4":"has-post-thumbnail","6":"product_cat-adventure","7":"product_cat-cultural","8":"product_cat-hiking","9":"product_cat-multi-day","10":"product_cat-santo-antao","11":"product_tag-adventure","12":"product_tag-cultural","13":"product_tag-hiking","14":"product_tag-multi-day","15":"product_tag-santo-antao","16":"wcpa_has_options","18":"first","19":"instock","20":"purchasable","21":"product-type-simple"},"acf":[],"_links":{"self":[{"href":"https:\/\/sodadetour.com\/es\/wp-json\/wp\/v2\/product\/6743","targetHints":{"allow":["GET"]}}],"collection":[{"href":"https:\/\/sodadetour.com\/es\/wp-json\/wp\/v2\/product"}],"about":[{"href":"https:\/\/sodadetour.com\/es\/wp-json\/wp\/v2\/types\/product"}],"wp:featuredmedia":[{"embeddable":true,"href":"https:\/\/sodadetour.com\/es\/wp-json\/wp\/v2\/media\/455"}],"wp:attachment":[{"href":"https:\/\/sodadetour.com\/es\/wp-json\/wp\/v2\/media?parent=6743"}],"wp:term":[{"taxonomy":"product_brand","embeddable":true,"href":"https:\/\/sodadetour.com\/es\/wp-json\/wp\/v2\/product_brand?post=6743"},{"taxonomy":"product_cat","embeddable":true,"href":"https:\/\/sodadetour.com\/es\/wp-json\/wp\/v2\/product_cat?post=6743"},{"taxonomy":"product_tag","embeddable":true,"href":"https:\/\/sodadetour.com\/es\/wp-json\/wp\/v2\/product_tag?post=6743"}],"curies":[{"name":"wp","href":"https:\/\/api.w.org\/{rel}","templated":true}]}}