{"id":6742,"date":"2026-01-21T12:30:27","date_gmt":"2026-01-21T13:30:27","guid":{"rendered":"https:\/\/sodadetour.com\/product\/sao-vicente-island-full-day-tour\/"},"modified":"2026-02-20T22:51:54","modified_gmt":"2026-02-20T23:51:54","slug":"excursion-de-un-dia-a-la-isla-de-sao-vicente","status":"publish","type":"product","link":"https:\/\/sodadetour.com\/es\/product\/excursion-de-un-dia-a-la-isla-de-sao-vicente\/","title":{"rendered":"Isla de S\u00e3o Vicente: D\u00eda Completo Tour"},"content":{"rendered":"<p>Descubra lo m\u00e1s destacado de\u00a0<em>S\u00e3o Vicente<\/em>\u00a0en un\u00a0<em>completo<\/em>&#8211;<em>d\u00eda<\/em> tour privado o compartido. Visite la ciudad patrimonio hist\u00f3rico de Mindelo, explore el Valle de Calhau y disfrute con las tortugas marinas en S\u00e3o Pedro.<\/p>","protected":false},"excerpt":{"rendered":"<p>Immerse yourself in the vibrant culture and stunning landscapes of S\u00e3o Vicente on this comprehensive full-day tour. Explore the charming colonial buildings of Mindelo, visit its church and markets, enjoy panoramic views from Fortin, discover the eastern part of the island with its endemic plants and agricultural fields, and conclude with a refreshing swim at the beautiful Ba\u00eda das Gatas beach before heading to the wind-swept sand dunes.<\/p>","protected":false},"featured_media":3815,"template":"","meta":{"_acf_changed":false},"product_brand":[],"product_cat":[88,74,76,128,95],"product_tag":[90,78,80,96],"class_list":{"0":"post-6742","1":"product","2":"type-product","3":"status-publish","4":"has-post-thumbnail","6":"product_cat-cultural","7":"product_cat-day-tour","8":"product_cat-family","9":"product_cat-full-day-tours","10":"product_cat-sao-vicente","11":"product_tag-cultural","12":"product_tag-day-tour","13":"product_tag-family","14":"product_tag-sao-vicente","15":"wcpa_has_options","17":"first","18":"instock","19":"purchasable","20":"product-type-simple"},"acf":[],"_links":{"self":[{"href":"https:\/\/sodadetour.com\/es\/wp-json\/wp\/v2\/product\/6742","targetHints":{"allow":["GET"]}}],"collection":[{"href":"https:\/\/sodadetour.com\/es\/wp-json\/wp\/v2\/product"}],"about":[{"href":"https:\/\/sodadetour.com\/es\/wp-json\/wp\/v2\/types\/product"}],"wp:featuredmedia":[{"embeddable":true,"href":"https:\/\/sodadetour.com\/es\/wp-json\/wp\/v2\/media\/3815"}],"wp:attachment":[{"href":"https:\/\/sodadetour.com\/es\/wp-json\/wp\/v2\/media?parent=6742"}],"wp:term":[{"taxonomy":"product_brand","embeddable":true,"href":"https:\/\/sodadetour.com\/es\/wp-json\/wp\/v2\/product_brand?post=6742"},{"taxonomy":"product_cat","embeddable":true,"href":"https:\/\/sodadetour.com\/es\/wp-json\/wp\/v2\/product_cat?post=6742"},{"taxonomy":"product_tag","embeddable":true,"href":"https:\/\/sodadetour.com\/es\/wp-json\/wp\/v2\/product_tag?post=6742"}],"curies":[{"name":"wp","href":"https:\/\/api.w.org\/{rel}","templated":true}]}}