{"id":6740,"date":"2026-01-20T01:12:00","date_gmt":"2026-01-20T02:12:00","guid":{"rendered":"https:\/\/sodadetour.com\/product\/sal-island-sailing-yacht-full-day-trip\/"},"modified":"2026-02-20T22:51:54","modified_gmt":"2026-02-20T23:51:54","slug":"excursion-de-un-dia-en-velero-por-la-isla-de-sal","status":"publish","type":"product","link":"https:\/\/sodadetour.com\/es\/product\/excursion-de-un-dia-en-velero-por-la-isla-de-sal\/","title":{"rendered":"Isla de Sal: Excursi\u00f3n de un d\u00eda en velero"},"content":{"rendered":"<p>Las excursiones de d\u00eda completo son una gran soluci\u00f3n para usted, si desea aprovechar al m\u00e1ximo su d\u00eda en el mar. Le preparamos un almuerzo abundante, bebidas y aperitivos para todo el d\u00eda, y siempre tratamos de adaptar todo el viaje para satisfacer sus necesidades.<\/p>","protected":false},"excerpt":{"rendered":"<p>Experience the ultimate sailing adventure on this full-day yacht trip that showcases the stunning coastline of Sal Island. Keep watch for whales, dolphins, flying fish, and turtles as you head southwest of Ponta Sino, then enjoy swimming and snorkeling among countless beautiful fish at a carefully chosen anchor spot, or simply continue sunbathing on deck with a refreshing drink.<\/p>","protected":false},"featured_media":3263,"template":"","meta":{"_acf_changed":false},"product_brand":[],"product_cat":[74,128,73,83],"product_tag":[78,77,85],"class_list":{"0":"post-6740","1":"product","2":"type-product","3":"status-publish","4":"has-post-thumbnail","6":"product_cat-day-tour","7":"product_cat-full-day-tours","8":"product_cat-sal","9":"product_cat-water-sports","10":"product_tag-day-tour","11":"product_tag-sal","12":"product_tag-water-sports","13":"wcpa_has_options","15":"first","16":"instock","17":"purchasable","18":"product-type-simple"},"acf":[],"_links":{"self":[{"href":"https:\/\/sodadetour.com\/es\/wp-json\/wp\/v2\/product\/6740","targetHints":{"allow":["GET"]}}],"collection":[{"href":"https:\/\/sodadetour.com\/es\/wp-json\/wp\/v2\/product"}],"about":[{"href":"https:\/\/sodadetour.com\/es\/wp-json\/wp\/v2\/types\/product"}],"wp:featuredmedia":[{"embeddable":true,"href":"https:\/\/sodadetour.com\/es\/wp-json\/wp\/v2\/media\/3263"}],"wp:attachment":[{"href":"https:\/\/sodadetour.com\/es\/wp-json\/wp\/v2\/media?parent=6740"}],"wp:term":[{"taxonomy":"product_brand","embeddable":true,"href":"https:\/\/sodadetour.com\/es\/wp-json\/wp\/v2\/product_brand?post=6740"},{"taxonomy":"product_cat","embeddable":true,"href":"https:\/\/sodadetour.com\/es\/wp-json\/wp\/v2\/product_cat?post=6740"},{"taxonomy":"product_tag","embeddable":true,"href":"https:\/\/sodadetour.com\/es\/wp-json\/wp\/v2\/product_tag?post=6740"}],"curies":[{"name":"wp","href":"https:\/\/api.w.org\/{rel}","templated":true}]}}