{"id":6738,"date":"2026-01-15T14:16:22","date_gmt":"2026-01-15T15:16:22","guid":{"rendered":"https:\/\/sodadetour.com\/product\/santo-antao-island-day-trip-with-local-guide\/"},"modified":"2026-02-02T01:23:38","modified_gmt":"2026-02-02T02:23:38","slug":"excursion-de-un-dia-a-la-isla-de-santo-antao-con-guia-local","status":"publish","type":"product","link":"https:\/\/sodadetour.com\/es\/product\/excursion-de-un-dia-a-la-isla-de-santo-antao-con-guia-local\/","title":{"rendered":"Isla de Santo Ant\u00e3o: Excursi\u00f3n de un d\u00eda con gu\u00eda local"},"content":{"rendered":"<p>Explore Santo Ant\u00e3o en una excursi\u00f3n guiada de un d\u00eda desde S\u00e3o Vicente. Cruce el extinto volc\u00e1n Cova de Pa\u00fal y visite el parque natural. Contemple la aldea caboverdiana de Ponta de Sol y admire paisajes impresionantes.<\/p>","protected":false},"excerpt":{"rendered":"<p>Discover the dramatic landscapes and rich culture of Santo Ant\u00e3o on this comprehensive day trip with a local expert. Drive through mountains to the island&#8217;s largest volcanic crater, take in breathtaking views from the Delgadinho mountain viewpoint, explore the charming fishing village of Ponta do Sol, and discover the lush Vale de Pa\u00fal surrounded by greenery and traditional thatched-roof houses.<\/p>","protected":false},"featured_media":1280,"template":"","meta":{"_acf_changed":false},"product_brand":[],"product_cat":[75,88,74,91,93],"product_tag":[79,90,78,92,94],"class_list":{"0":"post-6738","1":"product","2":"type-product","3":"status-publish","4":"has-post-thumbnail","6":"product_cat-adventure","7":"product_cat-cultural","8":"product_cat-day-tour","9":"product_cat-hiking","10":"product_cat-santo-antao","11":"product_tag-adventure","12":"product_tag-cultural","13":"product_tag-day-tour","14":"product_tag-hiking","15":"product_tag-santo-antao","16":"wcpa_has_options","18":"first","19":"instock","20":"purchasable","21":"product-type-simple"},"acf":[],"_links":{"self":[{"href":"https:\/\/sodadetour.com\/es\/wp-json\/wp\/v2\/product\/6738","targetHints":{"allow":["GET"]}}],"collection":[{"href":"https:\/\/sodadetour.com\/es\/wp-json\/wp\/v2\/product"}],"about":[{"href":"https:\/\/sodadetour.com\/es\/wp-json\/wp\/v2\/types\/product"}],"wp:featuredmedia":[{"embeddable":true,"href":"https:\/\/sodadetour.com\/es\/wp-json\/wp\/v2\/media\/1280"}],"wp:attachment":[{"href":"https:\/\/sodadetour.com\/es\/wp-json\/wp\/v2\/media?parent=6738"}],"wp:term":[{"taxonomy":"product_brand","embeddable":true,"href":"https:\/\/sodadetour.com\/es\/wp-json\/wp\/v2\/product_brand?post=6738"},{"taxonomy":"product_cat","embeddable":true,"href":"https:\/\/sodadetour.com\/es\/wp-json\/wp\/v2\/product_cat?post=6738"},{"taxonomy":"product_tag","embeddable":true,"href":"https:\/\/sodadetour.com\/es\/wp-json\/wp\/v2\/product_tag?post=6738"}],"curies":[{"name":"wp","href":"https:\/\/api.w.org\/{rel}","templated":true}]}}