{"id":6736,"date":"2026-01-17T02:48:21","date_gmt":"2026-01-17T03:48:21","guid":{"rendered":"https:\/\/sodadetour.com\/product\/santo-antao-island-hike-pinhao-lombo-branco-sinagoga\/"},"modified":"2026-02-02T01:23:38","modified_gmt":"2026-02-02T02:23:38","slug":"isla-de-santo-antao-senderismo-pinhao-lombo-branco-sinagoga","status":"publish","type":"product","link":"https:\/\/sodadetour.com\/es\/product\/isla-de-santo-antao-senderismo-pinhao-lombo-branco-sinagoga\/","title":{"rendered":"Isla de Santo Antao: excursi\u00f3n Pinhao - Lombo Branco - Sinagoga"},"content":{"rendered":"<p>Disfrute de una ruta de senderismo por Pinhao, Lombo Branco y Sinagoga en esta excursi\u00f3n desde Ribeira Grande. Ver\u00e1 los paisajes m\u00e1s espectaculares y se ba\u00f1ar\u00e1 en piscinas naturales.<\/p>","protected":false},"excerpt":{"rendered":"<p>Experience the diverse landscapes of Santo Ant\u00e3o on this memorable hiking adventure that takes you from the high-altitude village of Pinhao to the historic Jewish settlement of Sinagoga. Walk at nearly 2,000 feet above sea level through impressive vegetation, cross streams, and climb hills that offer stunning views of green valleys, with opportunities to see local farmers and animals before relaxing in the natural pools of Sinagoga.<\/p>","protected":false},"featured_media":3852,"template":"","meta":{"_acf_changed":false},"product_brand":[],"product_cat":[75,74,91,93],"product_tag":[79,78,92,94],"class_list":{"0":"post-6736","1":"product","2":"type-product","3":"status-publish","4":"has-post-thumbnail","6":"product_cat-adventure","7":"product_cat-day-tour","8":"product_cat-hiking","9":"product_cat-santo-antao","10":"product_tag-adventure","11":"product_tag-day-tour","12":"product_tag-hiking","13":"product_tag-santo-antao","14":"wcpa_has_options","16":"first","17":"instock","18":"purchasable","19":"product-type-simple"},"acf":[],"_links":{"self":[{"href":"https:\/\/sodadetour.com\/es\/wp-json\/wp\/v2\/product\/6736","targetHints":{"allow":["GET"]}}],"collection":[{"href":"https:\/\/sodadetour.com\/es\/wp-json\/wp\/v2\/product"}],"about":[{"href":"https:\/\/sodadetour.com\/es\/wp-json\/wp\/v2\/types\/product"}],"wp:featuredmedia":[{"embeddable":true,"href":"https:\/\/sodadetour.com\/es\/wp-json\/wp\/v2\/media\/3852"}],"wp:attachment":[{"href":"https:\/\/sodadetour.com\/es\/wp-json\/wp\/v2\/media?parent=6736"}],"wp:term":[{"taxonomy":"product_brand","embeddable":true,"href":"https:\/\/sodadetour.com\/es\/wp-json\/wp\/v2\/product_brand?post=6736"},{"taxonomy":"product_cat","embeddable":true,"href":"https:\/\/sodadetour.com\/es\/wp-json\/wp\/v2\/product_cat?post=6736"},{"taxonomy":"product_tag","embeddable":true,"href":"https:\/\/sodadetour.com\/es\/wp-json\/wp\/v2\/product_tag?post=6736"}],"curies":[{"name":"wp","href":"https:\/\/api.w.org\/{rel}","templated":true}]}}