{"id":6734,"date":"2026-01-25T04:02:46","date_gmt":"2026-01-25T05:02:46","guid":{"rendered":"https:\/\/sodadetour.com\/product\/santo-antao-island-hike-from-the-cova-volcano-crater-to-ribeira-paul\/"},"modified":"2026-02-02T01:23:36","modified_gmt":"2026-02-02T02:23:36","slug":"santo-antao-island-hike-from-the-cova-volcano-crater-to-ribeira-paul","status":"publish","type":"product","link":"https:\/\/sodadetour.com\/es\/product\/santo-antao-island-hike-from-the-cova-volcano-crater-to-ribeira-paul\/","title":{"rendered":"Isla de Santo Antao: Caminata desde el cr\u00e1ter del volc\u00e1n Cova hasta Ribeira Pa\u00fal"},"content":{"rendered":"<p>Descubra el sendero m\u00e1s famoso de Santo Ant\u00e3o y camine desde el Parque Natural de la Cova hasta el Valle Verde de Paul. Aprenda historias y hechos importantes de su gu\u00eda mientras disfruta de las impresionantes vistas de los alrededores.<\/p>","protected":false},"excerpt":{"rendered":"<p>Experience one of Santo Ant\u00e3o&#8217;s most spectacular hikes, descending from the rim of an extinct volcano into the verdant Paul Valley. Marvel at breathtaking views of the ocean 10 kilometers below, learn about native vegetation as you pass through beautiful plantations of sugar cane, bananas, and tropical fruits, and experience the production of local rum in a traditional distillery where you can taste the famous grogue.<\/p>","protected":false},"featured_media":3288,"template":"","meta":{"_acf_changed":false},"product_brand":[],"product_cat":[75,74,91,93],"product_tag":[79,78,92,94],"class_list":{"0":"post-6734","1":"product","2":"type-product","3":"status-publish","4":"has-post-thumbnail","6":"product_cat-adventure","7":"product_cat-day-tour","8":"product_cat-hiking","9":"product_cat-santo-antao","10":"product_tag-adventure","11":"product_tag-day-tour","12":"product_tag-hiking","13":"product_tag-santo-antao","14":"wcpa_has_options","16":"first","17":"instock","18":"purchasable","19":"product-type-simple"},"acf":[],"_links":{"self":[{"href":"https:\/\/sodadetour.com\/es\/wp-json\/wp\/v2\/product\/6734","targetHints":{"allow":["GET"]}}],"collection":[{"href":"https:\/\/sodadetour.com\/es\/wp-json\/wp\/v2\/product"}],"about":[{"href":"https:\/\/sodadetour.com\/es\/wp-json\/wp\/v2\/types\/product"}],"wp:featuredmedia":[{"embeddable":true,"href":"https:\/\/sodadetour.com\/es\/wp-json\/wp\/v2\/media\/3288"}],"wp:attachment":[{"href":"https:\/\/sodadetour.com\/es\/wp-json\/wp\/v2\/media?parent=6734"}],"wp:term":[{"taxonomy":"product_brand","embeddable":true,"href":"https:\/\/sodadetour.com\/es\/wp-json\/wp\/v2\/product_brand?post=6734"},{"taxonomy":"product_cat","embeddable":true,"href":"https:\/\/sodadetour.com\/es\/wp-json\/wp\/v2\/product_cat?post=6734"},{"taxonomy":"product_tag","embeddable":true,"href":"https:\/\/sodadetour.com\/es\/wp-json\/wp\/v2\/product_tag?post=6734"}],"curies":[{"name":"wp","href":"https:\/\/api.w.org\/{rel}","templated":true}]}}