{"id":6731,"date":"2026-01-19T14:08:52","date_gmt":"2026-01-19T15:08:52","guid":{"rendered":"https:\/\/sodadetour.com\/product\/santo-antao-hike-through-the-paul-valley\/"},"modified":"2026-02-02T01:23:36","modified_gmt":"2026-02-02T02:23:36","slug":"excursion-a-santo-antao-por-el-valle-de-paul","status":"publish","type":"product","link":"https:\/\/sodadetour.com\/es\/product\/excursion-a-santo-antao-por-el-valle-de-paul\/","title":{"rendered":"Santo Antao: Caminata por el Valle de Paul"},"content":{"rendered":"<p>Recorra a pie el valle m\u00e1s verde de Cabo Verde y explore los pueblos rurales de los alrededores, los verdes valles, las cascadas, los \u00e1rboles de mango, pl\u00e1tano, papaya y ca\u00f1a de az\u00facar, y pruebe el ron local.<\/p>","protected":false},"excerpt":{"rendered":"<p>Immerse yourself in the lush beauty of Santo Ant\u00e3o&#8217;s Paul Valley on this guided hike through terraced fields, waterfalls, and agricultural landscapes. Discover stunning vistas that exist only in this corner of Cape Verde, then complete your experience with a traditional Cape Verdean lunch and a visit to a rum distillery where you can taste the national drink, grogue.<\/p>","protected":false},"featured_media":3303,"template":"","meta":{"_acf_changed":false},"product_brand":[],"product_cat":[75,74,91,93],"product_tag":[79,78,92,94],"class_list":{"0":"post-6731","1":"product","2":"type-product","3":"status-publish","4":"has-post-thumbnail","6":"product_cat-adventure","7":"product_cat-day-tour","8":"product_cat-hiking","9":"product_cat-santo-antao","10":"product_tag-adventure","11":"product_tag-day-tour","12":"product_tag-hiking","13":"product_tag-santo-antao","14":"wcpa_has_options","16":"first","17":"instock","18":"purchasable","19":"product-type-simple"},"acf":[],"_links":{"self":[{"href":"https:\/\/sodadetour.com\/es\/wp-json\/wp\/v2\/product\/6731","targetHints":{"allow":["GET"]}}],"collection":[{"href":"https:\/\/sodadetour.com\/es\/wp-json\/wp\/v2\/product"}],"about":[{"href":"https:\/\/sodadetour.com\/es\/wp-json\/wp\/v2\/types\/product"}],"wp:featuredmedia":[{"embeddable":true,"href":"https:\/\/sodadetour.com\/es\/wp-json\/wp\/v2\/media\/3303"}],"wp:attachment":[{"href":"https:\/\/sodadetour.com\/es\/wp-json\/wp\/v2\/media?parent=6731"}],"wp:term":[{"taxonomy":"product_brand","embeddable":true,"href":"https:\/\/sodadetour.com\/es\/wp-json\/wp\/v2\/product_brand?post=6731"},{"taxonomy":"product_cat","embeddable":true,"href":"https:\/\/sodadetour.com\/es\/wp-json\/wp\/v2\/product_cat?post=6731"},{"taxonomy":"product_tag","embeddable":true,"href":"https:\/\/sodadetour.com\/es\/wp-json\/wp\/v2\/product_tag?post=6731"}],"curies":[{"name":"wp","href":"https:\/\/api.w.org\/{rel}","templated":true}]}}