{"id":6730,"date":"2026-01-15T08:00:11","date_gmt":"2026-01-15T09:00:11","guid":{"rendered":"https:\/\/sodadetour.com\/product\/santiago-island-discover-the-island-in-a-full-day\/"},"modified":"2026-02-20T22:51:54","modified_gmt":"2026-02-20T23:51:54","slug":"isla-de-santiago-descubra-la-isla-en-un-dia-completo","status":"publish","type":"product","link":"https:\/\/sodadetour.com\/es\/product\/isla-de-santiago-descubra-la-isla-en-un-dia-completo\/","title":{"rendered":"Isla de Santiago: Descubra la isla en un d\u00eda completo"},"content":{"rendered":"<p>Esta excursi\u00f3n por la isla de Santiago le llevar\u00e1 a descubrir el coraz\u00f3n de Cabo Verde. Visitaremos los pueblos de Assomada y Tarrafal y probaremos el t\u00edpico grog.<\/p>","protected":false},"excerpt":{"rendered":"<p>Discover the heart of Santiago Island on this full-day tour that takes you from grogue tastings in small villages to the breathtaking summit of Pico de Ant\u00f3nia. Explore the vibrant market of Assomada, cross the Serra da Malagueta Natural Park, relax on the idyllic Tarrafal Beach, and learn about the poignant history of the former concentration camp at this most welcoming beach in Cape Verde.<\/p>","protected":false},"featured_media":6204,"template":"","meta":{"_acf_changed":false},"product_brand":[],"product_cat":[88,74,76,128,87],"product_tag":[90,78,80,89],"class_list":{"0":"post-6730","1":"product","2":"type-product","3":"status-publish","4":"has-post-thumbnail","6":"product_cat-cultural","7":"product_cat-day-tour","8":"product_cat-family","9":"product_cat-full-day-tours","10":"product_cat-santiago","11":"product_tag-cultural","12":"product_tag-day-tour","13":"product_tag-family","14":"product_tag-santiago","15":"wcpa_has_options","17":"first","18":"instock","19":"purchasable","20":"product-type-simple"},"acf":[],"_links":{"self":[{"href":"https:\/\/sodadetour.com\/es\/wp-json\/wp\/v2\/product\/6730","targetHints":{"allow":["GET"]}}],"collection":[{"href":"https:\/\/sodadetour.com\/es\/wp-json\/wp\/v2\/product"}],"about":[{"href":"https:\/\/sodadetour.com\/es\/wp-json\/wp\/v2\/types\/product"}],"wp:featuredmedia":[{"embeddable":true,"href":"https:\/\/sodadetour.com\/es\/wp-json\/wp\/v2\/media\/6204"}],"wp:attachment":[{"href":"https:\/\/sodadetour.com\/es\/wp-json\/wp\/v2\/media?parent=6730"}],"wp:term":[{"taxonomy":"product_brand","embeddable":true,"href":"https:\/\/sodadetour.com\/es\/wp-json\/wp\/v2\/product_brand?post=6730"},{"taxonomy":"product_cat","embeddable":true,"href":"https:\/\/sodadetour.com\/es\/wp-json\/wp\/v2\/product_cat?post=6730"},{"taxonomy":"product_tag","embeddable":true,"href":"https:\/\/sodadetour.com\/es\/wp-json\/wp\/v2\/product_tag?post=6730"}],"curies":[{"name":"wp","href":"https:\/\/api.w.org\/{rel}","templated":true}]}}