{"id":6718,"date":"2026-01-28T03:03:15","date_gmt":"2026-01-28T04:03:15","guid":{"rendered":"https:\/\/sodadetour.com\/product\/sal-island-sea-turtle-watching-experience\/"},"modified":"2026-02-02T01:23:34","modified_gmt":"2026-02-02T02:23:34","slug":"experiencia-de-observacion-de-tortugas-marinas-en-la-isla-de-sal","status":"publish","type":"product","link":"https:\/\/sodadetour.com\/es\/product\/experiencia-de-observacion-de-tortugas-marinas-en-la-isla-de-sal\/","title":{"rendered":"Isla Sal: Experiencia de observaci\u00f3n de tortugas marinas"},"content":{"rendered":"<p>Emb\u00e1rquese en una excursi\u00f3n \u00fanica para los amantes de la vida ecol\u00f3gica y observe el desove de la tortuga com\u00fan en una de las hermosas playas de la isla. Disfrute del silencio bajo la luz de la luna mientras aprende todo sobre las tortugas marinas de Cabo Verde de la mano de su gu\u00eda experto.<\/p>\n<p>&nbsp;<\/p>","protected":false},"excerpt":{"rendered":"<p>Witness one of nature&#8217;s most magical phenomena as sea turtles come ashore to nest under the starry Cape Verdean sky. Join our professional guides for an environmentally conscious evening excursion to deserted beaches where you&#8217;ll observe these ancient creatures in their natural habitat, creating memories that will last a lifetime.<\/p>","protected":false},"featured_media":3159,"template":"","meta":{"_acf_changed":false},"product_brand":[],"product_cat":[74,76,73,81],"product_tag":[78,80,77,82],"class_list":{"0":"post-6718","1":"product","2":"type-product","3":"status-publish","4":"has-post-thumbnail","6":"product_cat-day-tour","7":"product_cat-family","8":"product_cat-sal","9":"product_cat-wildlife","10":"product_tag-day-tour","11":"product_tag-family","12":"product_tag-sal","13":"product_tag-wildlife","14":"wcpa_has_options","16":"first","17":"instock","18":"purchasable","19":"product-type-simple"},"acf":[],"_links":{"self":[{"href":"https:\/\/sodadetour.com\/es\/wp-json\/wp\/v2\/product\/6718","targetHints":{"allow":["GET"]}}],"collection":[{"href":"https:\/\/sodadetour.com\/es\/wp-json\/wp\/v2\/product"}],"about":[{"href":"https:\/\/sodadetour.com\/es\/wp-json\/wp\/v2\/types\/product"}],"wp:featuredmedia":[{"embeddable":true,"href":"https:\/\/sodadetour.com\/es\/wp-json\/wp\/v2\/media\/3159"}],"wp:attachment":[{"href":"https:\/\/sodadetour.com\/es\/wp-json\/wp\/v2\/media?parent=6718"}],"wp:term":[{"taxonomy":"product_brand","embeddable":true,"href":"https:\/\/sodadetour.com\/es\/wp-json\/wp\/v2\/product_brand?post=6718"},{"taxonomy":"product_cat","embeddable":true,"href":"https:\/\/sodadetour.com\/es\/wp-json\/wp\/v2\/product_cat?post=6718"},{"taxonomy":"product_tag","embeddable":true,"href":"https:\/\/sodadetour.com\/es\/wp-json\/wp\/v2\/product_tag?post=6718"}],"curies":[{"name":"wp","href":"https:\/\/api.w.org\/{rel}","templated":true}]}}